{"id":16686,"date":"2020-03-19T09:24:26","date_gmt":"2020-03-19T14:24:26","guid":{"rendered":"https:\/\/pecs.com\/?page_id=16686"},"modified":"2020-03-19T09:52:52","modified_gmt":"2020-03-19T14:52:52","slug":"solicitacao-pecs","status":"publish","type":"page","link":"https:\/\/pecs.com\/pt-br\/solicitacao-pecs\/","title":{"rendered":"Quer o PECS na sua \u00e1rea?"},"content":{"rendered":"<p>[et_pb_section fb_built=&#8221;1&#8243; _builder_version=&#8221;3.22&#8243;][et_pb_row _builder_version=&#8221;3.25&#8243; background_size=&#8221;initial&#8221; background_position=&#8221;top_left&#8221; background_repeat=&#8221;repeat&#8221;][et_pb_column type=&#8221;4_4&#8243; _builder_version=&#8221;3.25&#8243; custom_padding=&#8221;|||&#8221; custom_padding__hover=&#8221;|||&#8221;][\/et_pb_column][\/et_pb_row][et_pb_row column_structure=&#8221;2_5,3_5&#8243; _builder_version=&#8221;3.25&#8243; background_size=&#8221;initial&#8221; background_position=&#8221;top_left&#8221; background_repeat=&#8221;repeat&#8221;][et_pb_column type=&#8221;2_5&#8243; _builder_version=&#8221;3.25&#8243; custom_padding=&#8221;|||&#8221; custom_padding__hover=&#8221;|||&#8221;][et_pb_image src=&#8221;https:\/\/cdn.pecs.com\/wp-content\/uploads\/2019\/04\/29132520\/PECS_logo_blue.svg&#8221; align_tablet=&#8221;center&#8221; align_phone=&#8221;&#8221; align_last_edited=&#8221;on|desktop&#8221; admin_label=&#8221;PECS Logo&#8221; _builder_version=&#8221;3.23&#8243; z_index_tablet=&#8221;500&#8243;][\/et_pb_image][\/et_pb_column][et_pb_column type=&#8221;3_5&#8243; _builder_version=&#8221;3.25&#8243; custom_padding=&#8221;|||&#8221; custom_padding__hover=&#8221;|||&#8221;][et_pb_text admin_label=&#8221;Page Title&#8221; _builder_version=&#8221;4.4.1&#8243; hover_enabled=&#8221;0&#8243; z_index_tablet=&#8221;500&#8243;]<\/p>\n<h1>Deseja produtos e servi\u00e7os PECS<sup>\u00ae<\/sup> e Abordagem Educacional em Pir\u00e2mide da Pyramid em sua \u00e1rea?<\/h1>\n<p>[\/et_pb_text][et_pb_text admin_label=&#8221;Content&#8221; _builder_version=&#8221;4.4.1&#8243; text_font_size=&#8221;22px&#8221; hover_enabled=&#8221;0&#8243; z_index_tablet=&#8221;500&#8243;]<\/p>\n<p><em>Entre em contato conosco em <a href=\"mailto:development@pecs.com\">development@pecs.com<\/a> para obter informa\u00e7\u00f5es sobre como levar nossos produtos e servi\u00e7os para o seu pa\u00eds.<\/em><\/p>\n<p>[\/et_pb_text][\/et_pb_column][\/et_pb_row][et_pb_row _builder_version=&#8221;3.25&#8243; background_size=&#8221;initial&#8221; background_position=&#8221;top_left&#8221; background_repeat=&#8221;repeat&#8221;][et_pb_column type=&#8221;4_4&#8243; _builder_version=&#8221;3.25&#8243; custom_padding=&#8221;|||&#8221; custom_padding__hover=&#8221;|||&#8221;][et_pb_code admin_label=&#8221;Sticky Footer&#8221; _builder_version=&#8221;3.22.4&#8243; z_index_tablet=&#8221;500&#8243; locked=&#8221;on&#8221;]<\/p>\n<style><!-- [et_pb_line_break_holder] -->\/* sticky footer *\/<!-- [et_pb_line_break_holder] -->#main-footer {<!-- [et_pb_line_break_holder] -->\tposition: fixed;<!-- [et_pb_line_break_holder] -->\twidth: 100%;<!-- [et_pb_line_break_holder] -->\tbottom: 0;<!-- [et_pb_line_break_holder] -->}<!-- [et_pb_line_break_holder] --><!-- [et_pb_line_break_holder] -->\/* Set footer height *\/<!-- [et_pb_line_break_holder] -->body #main-footer {<!-- [et_pb_line_break_holder] -->\theight: 120px ;<!-- [et_pb_line_break_holder] --><!-- [et_pb_line_break_holder] -->}<!-- [et_pb_line_break_holder] -->#main-content {<!-- [et_pb_line_break_holder] -->\tmargin-bottom: 110px;<!-- [et_pb_line_break_holder] -->}<!-- [et_pb_line_break_holder] --><\/style>\n<p><!-- [et_pb_line_break_holder] -->[\/et_pb_code][\/et_pb_column][\/et_pb_row][\/et_pb_section]<\/p>\n","protected":false},"excerpt":{"rendered":"<p>Deseja produtos e servi\u00e7os PECS\u00ae e Abordagem Educacional em Pir\u00e2mide da Pyramid em sua \u00e1rea? Entre em contato conosco em development@pecs.com para obter informa\u00e7\u00f5es sobre como levar nossos produtos e servi\u00e7os para o seu pa\u00eds.<\/p>\n","protected":false},"author":9,"featured_media":0,"parent":0,"menu_order":0,"comment_status":"closed","ping_status":"closed","template":"","meta":{"_et_pb_use_builder":"on","_et_pb_old_content":"<p>[et_pb_section bb_built=\"1\" inner_width=\"auto\" inner_max_width=\"none\"][et_pb_row][et_pb_column type=\"4_4\"][\/et_pb_column][\/et_pb_row][et_pb_row][et_pb_column type=\"2_5\"][et_pb_image admin_label=\"PECS Logo\" _builder_version=\"3.22.4\" src=\"https:\/\/pecs.com\/wp-content\/uploads\/2019\/04\/PECS_logo_blue.svg\" z_index_tablet=\"500\" \/][\/et_pb_column][et_pb_column type=\"3_5\"][et_pb_text admin_label=\"Page Title\" _builder_version=\"3.22.7\" text_text_shadow_horizontal_length=\"text_text_shadow_style,%91object Object%93\" text_text_shadow_vertical_length=\"text_text_shadow_style,%91object Object%93\" text_text_shadow_blur_strength=\"text_text_shadow_style,%91object Object%93\" link_text_shadow_horizontal_length=\"link_text_shadow_style,%91object Object%93\" link_text_shadow_vertical_length=\"link_text_shadow_style,%91object Object%93\" link_text_shadow_blur_strength=\"link_text_shadow_style,%91object Object%93\" ul_text_shadow_horizontal_length=\"ul_text_shadow_style,%91object Object%93\" ul_text_shadow_vertical_length=\"ul_text_shadow_style,%91object Object%93\" ul_text_shadow_blur_strength=\"ul_text_shadow_style,%91object Object%93\" ol_text_shadow_horizontal_length=\"ol_text_shadow_style,%91object Object%93\" ol_text_shadow_vertical_length=\"ol_text_shadow_style,%91object Object%93\" ol_text_shadow_blur_strength=\"ol_text_shadow_style,%91object Object%93\" quote_text_shadow_horizontal_length=\"quote_text_shadow_style,%91object Object%93\" quote_text_shadow_vertical_length=\"quote_text_shadow_style,%91object Object%93\" quote_text_shadow_blur_strength=\"quote_text_shadow_style,%91object Object%93\" header_text_shadow_horizontal_length=\"header_text_shadow_style,%91object Object%93\" header_text_shadow_vertical_length=\"header_text_shadow_style,%91object Object%93\" header_text_shadow_blur_strength=\"header_text_shadow_style,%91object Object%93\" header_2_text_shadow_horizontal_length=\"header_2_text_shadow_style,%91object Object%93\" header_2_text_shadow_vertical_length=\"header_2_text_shadow_style,%91object Object%93\" header_2_text_shadow_blur_strength=\"header_2_text_shadow_style,%91object Object%93\" header_3_text_shadow_horizontal_length=\"header_3_text_shadow_style,%91object Object%93\" header_3_text_shadow_vertical_length=\"header_3_text_shadow_style,%91object Object%93\" header_3_text_shadow_blur_strength=\"header_3_text_shadow_style,%91object Object%93\" header_4_text_shadow_horizontal_length=\"header_4_text_shadow_style,%91object Object%93\" header_4_text_shadow_vertical_length=\"header_4_text_shadow_style,%91object Object%93\" header_4_text_shadow_blur_strength=\"header_4_text_shadow_style,%91object Object%93\" header_5_text_shadow_horizontal_length=\"header_5_text_shadow_style,%91object Object%93\" header_5_text_shadow_vertical_length=\"header_5_text_shadow_style,%91object Object%93\" header_5_text_shadow_blur_strength=\"header_5_text_shadow_style,%91object Object%93\" header_6_text_shadow_horizontal_length=\"header_6_text_shadow_style,%91object Object%93\" header_6_text_shadow_vertical_length=\"header_6_text_shadow_style,%91object Object%93\" header_6_text_shadow_blur_strength=\"header_6_text_shadow_style,%91object Object%93\" z_index_tablet=\"500\"]<\/p><h1>Want PECS<sup>\u00ae<\/sup> and Pyramid Approach products and services in your area?<\/h1><p>[\/et_pb_text][et_pb_text admin_label=\"Content\" _builder_version=\"3.22.7\" text_text_shadow_horizontal_length=\"text_text_shadow_style,%91object Object%93\" text_text_shadow_vertical_length=\"text_text_shadow_style,%91object Object%93\" text_text_shadow_blur_strength=\"text_text_shadow_style,%91object Object%93\" link_text_shadow_horizontal_length=\"link_text_shadow_style,%91object Object%93\" link_text_shadow_vertical_length=\"link_text_shadow_style,%91object Object%93\" link_text_shadow_blur_strength=\"link_text_shadow_style,%91object Object%93\" ul_text_shadow_horizontal_length=\"ul_text_shadow_style,%91object Object%93\" ul_text_shadow_vertical_length=\"ul_text_shadow_style,%91object Object%93\" ul_text_shadow_blur_strength=\"ul_text_shadow_style,%91object Object%93\" ol_text_shadow_horizontal_length=\"ol_text_shadow_style,%91object Object%93\" ol_text_shadow_vertical_length=\"ol_text_shadow_style,%91object Object%93\" ol_text_shadow_blur_strength=\"ol_text_shadow_style,%91object Object%93\" quote_text_shadow_horizontal_length=\"quote_text_shadow_style,%91object Object%93\" quote_text_shadow_vertical_length=\"quote_text_shadow_style,%91object Object%93\" quote_text_shadow_blur_strength=\"quote_text_shadow_style,%91object Object%93\" header_text_shadow_horizontal_length=\"header_text_shadow_style,%91object Object%93\" header_text_shadow_vertical_length=\"header_text_shadow_style,%91object Object%93\" header_text_shadow_blur_strength=\"header_text_shadow_style,%91object Object%93\" header_2_text_shadow_horizontal_length=\"header_2_text_shadow_style,%91object Object%93\" header_2_text_shadow_vertical_length=\"header_2_text_shadow_style,%91object Object%93\" header_2_text_shadow_blur_strength=\"header_2_text_shadow_style,%91object Object%93\" header_3_text_shadow_horizontal_length=\"header_3_text_shadow_style,%91object Object%93\" header_3_text_shadow_vertical_length=\"header_3_text_shadow_style,%91object Object%93\" header_3_text_shadow_blur_strength=\"header_3_text_shadow_style,%91object Object%93\" header_4_text_shadow_horizontal_length=\"header_4_text_shadow_style,%91object Object%93\" header_4_text_shadow_vertical_length=\"header_4_text_shadow_style,%91object Object%93\" header_4_text_shadow_blur_strength=\"header_4_text_shadow_style,%91object Object%93\" header_5_text_shadow_horizontal_length=\"header_5_text_shadow_style,%91object Object%93\" header_5_text_shadow_vertical_length=\"header_5_text_shadow_style,%91object Object%93\" header_5_text_shadow_blur_strength=\"header_5_text_shadow_style,%91object Object%93\" header_6_text_shadow_horizontal_length=\"header_6_text_shadow_style,%91object Object%93\" header_6_text_shadow_vertical_length=\"header_6_text_shadow_style,%91object Object%93\" header_6_text_shadow_blur_strength=\"header_6_text_shadow_style,%91object Object%93\" z_index_tablet=\"500\" text_font_size=\"22px\"]<\/p><p><em>Contact us at <a href=\"mailto:development@pecs.com\">development@pecs.com<\/a> to inquire about bringing our products and services to your country.<\/em><\/p><p>[\/et_pb_text][\/et_pb_column][\/et_pb_row][et_pb_row][et_pb_column type=\"4_4\"][et_pb_code admin_label=\"Sticky Footer\" _builder_version=\"3.22.4\" z_index_tablet=\"500\" locked=\"on\"]<\/p><p><style><!-- [et_pb_line_break_holder] -->\/* sticky footer *\/<!-- [et_pb_line_break_holder] -->#main-footer {<!-- [et_pb_line_break_holder] -->\tposition: fixed;<!-- [et_pb_line_break_holder] -->\twidth: 100%;<!-- [et_pb_line_break_holder] -->\tbottom: 0;<!-- [et_pb_line_break_holder] -->}<!-- [et_pb_line_break_holder] --><!-- [et_pb_line_break_holder] -->\/* Set footer height *\/<!-- [et_pb_line_break_holder] -->body #main-footer {<!-- [et_pb_line_break_holder] -->\theight: 120px ;<!-- [et_pb_line_break_holder] --><!-- [et_pb_line_break_holder] -->}<!-- [et_pb_line_break_holder] -->#main-content {<!-- [et_pb_line_break_holder] -->\tmargin-bottom: 110px;<!-- [et_pb_line_break_holder] -->}<!-- [et_pb_line_break_holder] --><\/style><\/p><p>[\/et_pb_code][\/et_pb_column][\/et_pb_row][\/et_pb_section]<\/p>","_et_gb_content_width":"","footnotes":""},"class_list":["post-16686","page","type-page","status-publish","hentry"],"yoast_head":"<!-- This site is optimized with the Yoast SEO plugin v27.4 - https:\/\/yoast.com\/product\/yoast-seo-wordpress\/ -->\n<title>Quer o PECS na sua \u00e1rea? - Pyramid Educational Consultants PECS.COM<\/title>\n<meta name=\"robots\" content=\"index, follow, max-snippet:-1, max-image-preview:large, max-video-preview:-1\" \/>\n<link rel=\"canonical\" href=\"https:\/\/pecs.com\/pt-br\/solicitacao-pecs\/\" \/>\n<meta property=\"og:locale\" content=\"pt_BR\" \/>\n<meta property=\"og:type\" content=\"article\" \/>\n<meta property=\"og:title\" content=\"Quer o PECS na sua \u00e1rea? - Pyramid Educational Consultants PECS.COM\" \/>\n<meta property=\"og:description\" content=\"Deseja produtos e servi\u00e7os PECS\u00ae e Abordagem Educacional em Pir\u00e2mide da Pyramid em sua \u00e1rea? Entre em contato conosco em development@pecs.com para obter informa\u00e7\u00f5es sobre como levar nossos produtos e servi\u00e7os para o seu pa\u00eds.\" \/>\n<meta property=\"og:url\" content=\"https:\/\/pecs.com\/pt-br\/solicitacao-pecs\/\" \/>\n<meta property=\"og:site_name\" content=\"Pyramid Educational Consultants PECS.COM\" \/>\n<meta property=\"article:modified_time\" content=\"2020-03-19T14:52:52+00:00\" \/>\n<meta name=\"twitter:card\" content=\"summary_large_image\" \/>\n<meta name=\"twitter:label1\" content=\"Est. tempo de leitura\" \/>\n\t<meta name=\"twitter:data1\" content=\"1 minuto\" \/>\n<script type=\"application\/ld+json\" class=\"yoast-schema-graph\">{\"@context\":\"https:\\\/\\\/schema.org\",\"@graph\":[{\"@type\":\"WebPage\",\"@id\":\"https:\\\/\\\/pecs.com\\\/pt-br\\\/solicitacao-pecs\\\/\",\"url\":\"https:\\\/\\\/pecs.com\\\/pt-br\\\/solicitacao-pecs\\\/\",\"name\":\"Quer o PECS na sua \u00e1rea? - Pyramid Educational Consultants PECS.COM\",\"isPartOf\":{\"@id\":\"https:\\\/\\\/pecs.com\\\/pt-br\\\/#website\"},\"datePublished\":\"2020-03-19T14:24:26+00:00\",\"dateModified\":\"2020-03-19T14:52:52+00:00\",\"breadcrumb\":{\"@id\":\"https:\\\/\\\/pecs.com\\\/pt-br\\\/solicitacao-pecs\\\/#breadcrumb\"},\"inLanguage\":\"pt-BR\",\"potentialAction\":[{\"@type\":\"ReadAction\",\"target\":[\"https:\\\/\\\/pecs.com\\\/pt-br\\\/solicitacao-pecs\\\/\"]}]},{\"@type\":\"BreadcrumbList\",\"@id\":\"https:\\\/\\\/pecs.com\\\/pt-br\\\/solicitacao-pecs\\\/#breadcrumb\",\"itemListElement\":[{\"@type\":\"ListItem\",\"position\":1,\"name\":\"Home\",\"item\":\"https:\\\/\\\/pecs.com\\\/pt-br\\\/\"},{\"@type\":\"ListItem\",\"position\":2,\"name\":\"Quer o PECS na sua \u00e1rea?\"}]},{\"@type\":\"WebSite\",\"@id\":\"https:\\\/\\\/pecs.com\\\/pt-br\\\/#website\",\"url\":\"https:\\\/\\\/pecs.com\\\/pt-br\\\/\",\"name\":\"Pyramid Educational Consultants PECS.COM\",\"description\":\"Home of the Picture Exchange Communication System\",\"potentialAction\":[{\"@type\":\"SearchAction\",\"target\":{\"@type\":\"EntryPoint\",\"urlTemplate\":\"https:\\\/\\\/pecs.com\\\/pt-br\\\/?s={search_term_string}\"},\"query-input\":{\"@type\":\"PropertyValueSpecification\",\"valueRequired\":true,\"valueName\":\"search_term_string\"}}],\"inLanguage\":\"pt-BR\"}]}<\/script>\n<!-- \/ Yoast SEO plugin. -->","yoast_head_json":{"title":"Quer o PECS na sua \u00e1rea? - Pyramid Educational Consultants PECS.COM","robots":{"index":"index","follow":"follow","max-snippet":"max-snippet:-1","max-image-preview":"max-image-preview:large","max-video-preview":"max-video-preview:-1"},"canonical":"https:\/\/pecs.com\/pt-br\/solicitacao-pecs\/","og_locale":"pt_BR","og_type":"article","og_title":"Quer o PECS na sua \u00e1rea? - Pyramid Educational Consultants PECS.COM","og_description":"Deseja produtos e servi\u00e7os PECS\u00ae e Abordagem Educacional em Pir\u00e2mide da Pyramid em sua \u00e1rea? Entre em contato conosco em development@pecs.com para obter informa\u00e7\u00f5es sobre como levar nossos produtos e servi\u00e7os para o seu pa\u00eds.","og_url":"https:\/\/pecs.com\/pt-br\/solicitacao-pecs\/","og_site_name":"Pyramid Educational Consultants PECS.COM","article_modified_time":"2020-03-19T14:52:52+00:00","twitter_card":"summary_large_image","twitter_misc":{"Est. tempo de leitura":"1 minuto"},"schema":{"@context":"https:\/\/schema.org","@graph":[{"@type":"WebPage","@id":"https:\/\/pecs.com\/pt-br\/solicitacao-pecs\/","url":"https:\/\/pecs.com\/pt-br\/solicitacao-pecs\/","name":"Quer o PECS na sua \u00e1rea? - Pyramid Educational Consultants PECS.COM","isPartOf":{"@id":"https:\/\/pecs.com\/pt-br\/#website"},"datePublished":"2020-03-19T14:24:26+00:00","dateModified":"2020-03-19T14:52:52+00:00","breadcrumb":{"@id":"https:\/\/pecs.com\/pt-br\/solicitacao-pecs\/#breadcrumb"},"inLanguage":"pt-BR","potentialAction":[{"@type":"ReadAction","target":["https:\/\/pecs.com\/pt-br\/solicitacao-pecs\/"]}]},{"@type":"BreadcrumbList","@id":"https:\/\/pecs.com\/pt-br\/solicitacao-pecs\/#breadcrumb","itemListElement":[{"@type":"ListItem","position":1,"name":"Home","item":"https:\/\/pecs.com\/pt-br\/"},{"@type":"ListItem","position":2,"name":"Quer o PECS na sua \u00e1rea?"}]},{"@type":"WebSite","@id":"https:\/\/pecs.com\/pt-br\/#website","url":"https:\/\/pecs.com\/pt-br\/","name":"Pyramid Educational Consultants PECS.COM","description":"Home of the Picture Exchange Communication System","potentialAction":[{"@type":"SearchAction","target":{"@type":"EntryPoint","urlTemplate":"https:\/\/pecs.com\/pt-br\/?s={search_term_string}"},"query-input":{"@type":"PropertyValueSpecification","valueRequired":true,"valueName":"search_term_string"}}],"inLanguage":"pt-BR"}]}},"_links":{"self":[{"href":"https:\/\/pecs.com\/pt-br\/wp-json\/wp\/v2\/pages\/16686","targetHints":{"allow":["GET"]}}],"collection":[{"href":"https:\/\/pecs.com\/pt-br\/wp-json\/wp\/v2\/pages"}],"about":[{"href":"https:\/\/pecs.com\/pt-br\/wp-json\/wp\/v2\/types\/page"}],"author":[{"embeddable":true,"href":"https:\/\/pecs.com\/pt-br\/wp-json\/wp\/v2\/users\/9"}],"replies":[{"embeddable":true,"href":"https:\/\/pecs.com\/pt-br\/wp-json\/wp\/v2\/comments?post=16686"}],"version-history":[{"count":5,"href":"https:\/\/pecs.com\/pt-br\/wp-json\/wp\/v2\/pages\/16686\/revisions"}],"predecessor-version":[{"id":16733,"href":"https:\/\/pecs.com\/pt-br\/wp-json\/wp\/v2\/pages\/16686\/revisions\/16733"}],"wp:attachment":[{"href":"https:\/\/pecs.com\/pt-br\/wp-json\/wp\/v2\/media?parent=16686"}],"curies":[{"name":"wp","href":"https:\/\/api.w.org\/{rel}","templated":true}]}}