{"id":16684,"date":"2020-03-19T09:22:58","date_gmt":"2020-03-19T14:22:58","guid":{"rendered":"https:\/\/pecs.com\/?page_id=16684"},"modified":"2020-03-19T09:44:11","modified_gmt":"2020-03-19T14:44:11","slug":"solicite-o-uso-de-propriedade-intelectual","status":"publish","type":"page","link":"https:\/\/pecs.com\/pt-br\/solicite-o-uso-de-propriedade-intelectual\/","title":{"rendered":"Solicite o uso de propriedade intelectual"},"content":{"rendered":"<p>[et_pb_section fb_built=&#8221;1&#8243; _builder_version=&#8221;3.22&#8243;][et_pb_row _builder_version=&#8221;3.25&#8243; background_size=&#8221;initial&#8221; background_position=&#8221;top_left&#8221; background_repeat=&#8221;repeat&#8221;][et_pb_column type=&#8221;4_4&#8243; _builder_version=&#8221;3.25&#8243; custom_padding=&#8221;|||&#8221; custom_padding__hover=&#8221;|||&#8221;][et_pb_text admin_label=&#8221;Title&#8221; _builder_version=&#8221;4.4.1&#8243; z_index_tablet=&#8221;500&#8243;]<\/p>\n<h1>Solicite o uso de propriedade intelectual<\/h1>\n<p>[\/et_pb_text][et_pb_text admin_label=&#8221;Intro&#8221; _builder_version=&#8221;4.4.1&#8243; hover_enabled=&#8221;0&#8243; z_index_tablet=&#8221;500&#8243;]<\/p>\n<p>Deseja usar a propriedade intelectual da Pyramid de alguma forma? As solicita\u00e7\u00f5es de propriedade intelectual e permiss\u00f5es podem ser enviadas \u00e0 Pyramid para considera\u00e7\u00e3o, preenchendo o formul\u00e1rio abaixo. Depois de preencher o formul\u00e1rio, algu\u00e9m da nossa equipe entrar\u00e1 em contato com voc\u00ea dentro de 10 dias \u00fateis a respeito da sua solicita\u00e7\u00e3o. Entre em contato conosco em <a href=\"mailto:IP@pecs.com\">IP@pecs.com<\/a> para assist\u00eancia.<\/p>\n<p>Para obter mais informa\u00e7\u00f5es sobre produtos e servi\u00e7os atuais dispon\u00edveis, visite <a href=\"https:\/\/pecs.com\/pt-br\/escritorios\/\">um de nossos sites<\/a>.<\/p>\n<p>[\/et_pb_text][et_pb_contact_form use_spam_service=&#8221;on&#8221; recaptcha_list=&#8221;PECS-0&#8243; email=&#8221;IP@pecs.com&#8221; custom_message=&#8221;First Name: %%First_Name%%||et_pb_line_break_holder||||et_pb_line_break_holder||Last Name: %%Last_Name%%||et_pb_line_break_holder||||et_pb_line_break_holder||Organization: %%%Organization%%||et_pb_line_break_holder||||et_pb_line_break_holder||Organization Type: %%Organization_Type%%||et_pb_line_break_holder||||et_pb_line_break_holder||Phone: %%Phone%||et_pb_line_break_holder||||et_pb_line_break_holder||Email: %%Email%%||et_pb_line_break_holder||||et_pb_line_break_holder||Address 1: %%Address_1%%||et_pb_line_break_holder||||et_pb_line_break_holder||Address 2: %%Address_2%%||et_pb_line_break_holder||||et_pb_line_break_holder||City: %%City%%||et_pb_line_break_holder||||et_pb_line_break_holder||Postal Code: %%ZIP%%||et_pb_line_break_holder||||et_pb_line_break_holder||Country: %%Country%%||et_pb_line_break_holder||||et_pb_line_break_holder||State\/Province: %%State%%||et_pb_line_break_holder||||et_pb_line_break_holder||Additional Comments: %%Comments%%&#8221; success_message=&#8221;Thank you for submitting your intellectual property request! Someone from our team will contact you within 10 business days.&#8221; _builder_version=&#8221;4.0.9&#8243; custom_button=&#8221;on&#8221; button_text_color=&#8221;#ffffff&#8221; button_bg_color=&#8221;#00c222&#8243; button_border_color=&#8221;#00c222&#8243; button_font=&#8221;|700||on|||||&#8221; button_icon_color=&#8221;#ffffff&#8221; z_index_tablet=&#8221;500&#8243;][et_pb_contact_field field_id=&#8221;First_Name&#8221; field_title=&#8221;*First Name&#8221; _builder_version=&#8221;3.22.7&#8243;][\/et_pb_contact_field][et_pb_contact_field field_id=&#8221;Last_Name&#8221; field_title=&#8221;*Last Name&#8221; _builder_version=&#8221;3.22.7&#8243;][\/et_pb_contact_field][et_pb_contact_field field_id=&#8221;Organization&#8221; field_title=&#8221;*Name of Organization (If applicable)&#8221; _builder_version=&#8221;3.22.7&#8243;][\/et_pb_contact_field][et_pb_contact_field field_id=&#8221;Organization_Type&#8221; field_title=&#8221;Type of Organization&#8221; field_type=&#8221;select&#8221; select_options=&#8221;%91{%22value%22:%22Not Applicable%22,%22checked%22:0},{%22value%22:%22Agency &#8211; For Profit%22,%22checked%22:0},{%22value%22:%22Agency &#8211; Non-Profit%22,%22checked%22:0},{%22value%22:%22School &#8211; Public%22,%22checked%22:0},{%22value%22:%22School &#8211; Private%22,%22checked%22:0},{%22value%22:%22Other%22,%22checked%22:0}%93&#8243; _builder_version=&#8221;3.22.7&#8243;][\/et_pb_contact_field][et_pb_contact_field field_id=&#8221;Phone&#8221; field_title=&#8221;*Telephone Number (Include country code &#038; area code, no symbols)&#8221; min_length=&#8221;9&#8243; allowed_symbols=&#8221;numbers&#8221; _builder_version=&#8221;3.22.7&#8243;][\/et_pb_contact_field][et_pb_contact_field field_id=&#8221;Email&#8221; field_title=&#8221;*Email Address&#8221; field_type=&#8221;email&#8221; _builder_version=&#8221;3.22.7&#8243;][\/et_pb_contact_field][et_pb_contact_field field_id=&#8221;Address_1&#8243; field_title=&#8221;*Street Address 1&#8243; _builder_version=&#8221;3.22.7&#8243;][\/et_pb_contact_field][et_pb_contact_field field_id=&#8221;Address_2&#8243; field_title=&#8221;Street Address 2&#8243; required_mark=&#8221;off&#8221; _builder_version=&#8221;3.22.7&#8243;][\/et_pb_contact_field][et_pb_contact_field field_id=&#8221;City&#8221; field_title=&#8221;*City&#8221; _builder_version=&#8221;3.22.7&#8243;][\/et_pb_contact_field][et_pb_contact_field field_id=&#8221;ZIP&#8221; field_title=&#8221;*Postal Code&#8221; _builder_version=&#8221;3.22.7&#8243;][\/et_pb_contact_field][et_pb_contact_field field_id=&#8221;Country&#8221; field_title=&#8221;Country&#8221; _builder_version=&#8221;3.22.7&#8243;][\/et_pb_contact_field][et_pb_contact_field field_id=&#8221;State&#8221; field_title=&#8221;*State\/Province&#8221; _builder_version=&#8221;3.22.7&#8243;][\/et_pb_contact_field][et_pb_contact_field field_id=&#8221;Permission&#8221; field_title=&#8221;*Permission being requested&#8221; field_type=&#8221;select&#8221; select_options=&#8221;%91{%22value%22:%22Copy information from Pyramid&#8217;s website%22,%22checked%22:0},{%22value%22:%22Include components of Pyramid&#8217;s clinical information in a product%22,%22checked%22:0},{%22value%22:%22Obtain and use pictures or videos showing implementation of PECS%22,%22checked%22:0},{%22value%22:%22Reproduce Pics for PECS images in a book%22,%22checked%22:0},{%22value%22:%22Reproduce Pics for PECS images in an advertising pamphlet%22,%22checked%22:0},{%22value%22:%22Reproduce Pics for PECS images on a website %22,%22checked%22:0},{%22value%22:%22Show the video, An Introduction to PECS, for a college course%22,%22checked%22:0},{%22value%22:%22Show the video, An Introduction to PECS, for a conference%22,%22checked%22:0},{%22value%22:%22Translate Pyramid materials (e.g., PECS Training Manual) into another language%22,%22checked%22:0},{%22value%22:%22Use Pyramid terminology or information about PECS in a book%22,%22checked%22:0},{%22value%22:%22Use Pyramid terminology or information about PECS in a pamphlet %22,%22checked%22:0},{%22value%22:%22Use Pyramid terminology or information about the Pyramid Approach to Education in a book%22,%22checked%22:0},{%22value%22:%22Use Pyramid terminology or information about the Pyramid Approach to Education in a pamphlet%22,%22checked%22:0},{%22value%22:%22Other%22,%22checked%22:0}%93&#8243; fullwidth_field=&#8221;on&#8221; _builder_version=&#8221;3.22.7&#8243;][\/et_pb_contact_field][et_pb_contact_field field_id=&#8221;Comments&#8221; field_title=&#8221;Additional Comments Here&#8221; field_type=&#8221;text&#8221; required_mark=&#8221;off&#8221; fullwidth_field=&#8221;on&#8221; _builder_version=&#8221;3.22.7&#8243;][\/et_pb_contact_field][\/et_pb_contact_form][\/et_pb_column][\/et_pb_row][\/et_pb_section]<\/p>\n","protected":false},"excerpt":{"rendered":"<p>Solicite o uso de propriedade intelectualDeseja usar a propriedade intelectual da Pyramid de alguma forma? As solicita\u00e7\u00f5es de propriedade intelectual e permiss\u00f5es podem ser enviadas \u00e0 Pyramid para considera\u00e7\u00e3o, preenchendo o formul\u00e1rio abaixo. Depois de preencher o formul\u00e1rio, algu\u00e9m da nossa equipe entrar\u00e1 em contato com voc\u00ea dentro de 10 dias \u00fateis a respeito da [&hellip;]<\/p>\n","protected":false},"author":9,"featured_media":0,"parent":0,"menu_order":0,"comment_status":"closed","ping_status":"closed","template":"","meta":{"_et_pb_use_builder":"on","_et_pb_old_content":"<p>[et_pb_section fb_built=\"1\" _builder_version=\"3.22\"][et_pb_row _builder_version=\"3.25\" background_size=\"initial\" background_position=\"top_left\" background_repeat=\"repeat\"][et_pb_column type=\"4_4\" _builder_version=\"3.25\" custom_padding=\"|||\" custom_padding__hover=\"|||\"][et_pb_text admin_label=\"Title\" _builder_version=\"3.27.4\" z_index_tablet=\"500\"]<\/p><h1>Request Intellectual Property Use<\/h1><p>[\/et_pb_text][et_pb_text admin_label=\"Intro\" _builder_version=\"3.27.4\" z_index_tablet=\"500\"]<\/p><p>Do you want to use Pyramid\u2019s intellectual property in some way? Intellectual property and permissions requests may be submitted to Pyramid for consideration by completing the form below. After completing the form, someone from our team will contact you within 10 business days regarding your request.\u00a0 Please contact us at <a href=\"mailto:IP@pecs.com\">IP@pecs.com<\/a> for additional assistance.<\/p><p>For more information about current products and services available please visit <a href=\"https:\/\/pecs.com\/contact-us\/\">one of our websites<\/a>.<\/p><p>[\/et_pb_text][et_pb_contact_form email=\"IP@pecs.com\" custom_message=\"First Name: %%First_Name%%||et_pb_line_break_holder||||et_pb_line_break_holder||Last Name: %%Last_Name%%||et_pb_line_break_holder||||et_pb_line_break_holder||Organization: %%%Organization%%||et_pb_line_break_holder||||et_pb_line_break_holder||Organization Type: %%Organization_Type%%||et_pb_line_break_holder||||et_pb_line_break_holder||Phone: %%Phone%||et_pb_line_break_holder||||et_pb_line_break_holder||Email: %%Email%%||et_pb_line_break_holder||||et_pb_line_break_holder||Address 1: %%Address_1%%||et_pb_line_break_holder||||et_pb_line_break_holder||Address 2: %%Address_2%%||et_pb_line_break_holder||||et_pb_line_break_holder||City: %%City%%||et_pb_line_break_holder||||et_pb_line_break_holder||Postal Code: %%ZIP%%||et_pb_line_break_holder||||et_pb_line_break_holder||Country: %%Country%%||et_pb_line_break_holder||||et_pb_line_break_holder||State\/Province: %%State%%||et_pb_line_break_holder||||et_pb_line_break_holder||Additional Comments: %%Comments%%\" success_message=\"Thank you for submitting your intellectual property request! Someone from our team will contact you within 10 business days.\" _builder_version=\"4.0.9\" custom_button=\"on\" button_text_color=\"#ffffff\" button_bg_color=\"#00c222\" button_border_color=\"#00c222\" button_font=\"|700||on|||||\" button_icon_color=\"#ffffff\" z_index_tablet=\"500\" hover_enabled=\"0\" use_spam_service=\"on\" recaptcha_list=\"PECS-0\"][et_pb_contact_field field_id=\"First_Name\" field_title=\"*First Name\" _builder_version=\"3.22.7\"][\/et_pb_contact_field][et_pb_contact_field field_id=\"Last_Name\" field_title=\"*Last Name\" _builder_version=\"3.22.7\"][\/et_pb_contact_field][et_pb_contact_field field_id=\"Organization\" field_title=\"*Name of Organization (If applicable)\" _builder_version=\"3.22.7\"][\/et_pb_contact_field][et_pb_contact_field field_id=\"Organization_Type\" field_title=\"Type of Organization\" field_type=\"select\" select_options=\"%91{%22value%22:%22Not Applicable%22,%22checked%22:0},{%22value%22:%22Agency - For Profit%22,%22checked%22:0},{%22value%22:%22Agency - Non-Profit%22,%22checked%22:0},{%22value%22:%22School - Public%22,%22checked%22:0},{%22value%22:%22School - Private%22,%22checked%22:0},{%22value%22:%22Other%22,%22checked%22:0}%93\" _builder_version=\"3.22.7\"][\/et_pb_contact_field][et_pb_contact_field field_id=\"Phone\" field_title=\"*Telephone Number (Include country code & area code, no symbols)\" min_length=\"9\" allowed_symbols=\"numbers\" _builder_version=\"3.22.7\"][\/et_pb_contact_field][et_pb_contact_field field_id=\"Email\" field_title=\"*Email Address\" field_type=\"email\" _builder_version=\"3.22.7\"][\/et_pb_contact_field][et_pb_contact_field field_id=\"Address_1\" field_title=\"*Street Address 1\" _builder_version=\"3.22.7\"][\/et_pb_contact_field][et_pb_contact_field field_id=\"Address_2\" field_title=\"Street Address 2\" required_mark=\"off\" _builder_version=\"3.22.7\"][\/et_pb_contact_field][et_pb_contact_field field_id=\"City\" field_title=\"*City\" _builder_version=\"3.22.7\"][\/et_pb_contact_field][et_pb_contact_field field_id=\"ZIP\" field_title=\"*Postal Code\" _builder_version=\"3.22.7\"][\/et_pb_contact_field][et_pb_contact_field field_id=\"Country\" field_title=\"Country\" _builder_version=\"3.22.7\"][\/et_pb_contact_field][et_pb_contact_field field_id=\"State\" field_title=\"*State\/Province\" _builder_version=\"3.22.7\"][\/et_pb_contact_field][et_pb_contact_field field_id=\"Permission\" field_title=\"*Permission being requested\" field_type=\"select\" select_options=\"%91{%22value%22:%22Copy information from Pyramid's website%22,%22checked%22:0},{%22value%22:%22Include components of Pyramid's clinical information in a product%22,%22checked%22:0},{%22value%22:%22Obtain and use pictures or videos showing implementation of PECS%22,%22checked%22:0},{%22value%22:%22Reproduce Pics for PECS images in a book%22,%22checked%22:0},{%22value%22:%22Reproduce Pics for PECS images in an advertising pamphlet%22,%22checked%22:0},{%22value%22:%22Reproduce Pics for PECS images on a website %22,%22checked%22:0},{%22value%22:%22Show the video, An Introduction to PECS, for a college course%22,%22checked%22:0},{%22value%22:%22Show the video, An Introduction to PECS, for a conference%22,%22checked%22:0},{%22value%22:%22Translate Pyramid materials (e.g., PECS Training Manual) into another language%22,%22checked%22:0},{%22value%22:%22Use Pyramid terminology or information about PECS in a book%22,%22checked%22:0},{%22value%22:%22Use Pyramid terminology or information about PECS in a pamphlet %22,%22checked%22:0},{%22value%22:%22Use Pyramid terminology or information about the Pyramid Approach to Education in a book%22,%22checked%22:0},{%22value%22:%22Use Pyramid terminology or information about the Pyramid Approach to Education in a pamphlet%22,%22checked%22:0},{%22value%22:%22Other%22,%22checked%22:0}%93\" fullwidth_field=\"on\" _builder_version=\"3.22.7\"][\/et_pb_contact_field][et_pb_contact_field field_id=\"Comments\" field_title=\"Additional Comments Here\" field_type=\"text\" required_mark=\"off\" fullwidth_field=\"on\" _builder_version=\"3.22.7\"][\/et_pb_contact_field][\/et_pb_contact_form][\/et_pb_column][\/et_pb_row][\/et_pb_section]<\/p>","_et_gb_content_width":"","footnotes":""},"class_list":["post-16684","page","type-page","status-publish","hentry"],"yoast_head":"<!-- This site is optimized with the Yoast SEO plugin v27.4 - https:\/\/yoast.com\/product\/yoast-seo-wordpress\/ -->\n<title>Solicite o uso de propriedade intelectual - Pyramid Educational Consultants PECS.COM<\/title>\n<meta name=\"robots\" content=\"index, follow, max-snippet:-1, max-image-preview:large, max-video-preview:-1\" \/>\n<link rel=\"canonical\" href=\"https:\/\/pecs.com\/pt-br\/solicite-o-uso-de-propriedade-intelectual\/\" \/>\n<meta property=\"og:locale\" content=\"pt_BR\" \/>\n<meta property=\"og:type\" content=\"article\" \/>\n<meta property=\"og:title\" content=\"Solicite o uso de propriedade intelectual - Pyramid Educational Consultants PECS.COM\" \/>\n<meta property=\"og:description\" content=\"Solicite o uso de propriedade intelectualDeseja usar a propriedade intelectual da Pyramid de alguma forma? As solicita\u00e7\u00f5es de propriedade intelectual e permiss\u00f5es podem ser enviadas \u00e0 Pyramid para considera\u00e7\u00e3o, preenchendo o formul\u00e1rio abaixo. Depois de preencher o formul\u00e1rio, algu\u00e9m da nossa equipe entrar\u00e1 em contato com voc\u00ea dentro de 10 dias \u00fateis a respeito da [&hellip;]\" \/>\n<meta property=\"og:url\" content=\"https:\/\/pecs.com\/pt-br\/solicite-o-uso-de-propriedade-intelectual\/\" \/>\n<meta property=\"og:site_name\" content=\"Pyramid Educational Consultants PECS.COM\" \/>\n<meta property=\"article:modified_time\" content=\"2020-03-19T14:44:11+00:00\" \/>\n<meta name=\"twitter:card\" content=\"summary_large_image\" \/>\n<meta name=\"twitter:label1\" content=\"Est. tempo de leitura\" \/>\n\t<meta name=\"twitter:data1\" content=\"4 minutos\" \/>\n<script type=\"application\/ld+json\" class=\"yoast-schema-graph\">{\"@context\":\"https:\\\/\\\/schema.org\",\"@graph\":[{\"@type\":\"WebPage\",\"@id\":\"https:\\\/\\\/pecs.com\\\/pt-br\\\/solicite-o-uso-de-propriedade-intelectual\\\/\",\"url\":\"https:\\\/\\\/pecs.com\\\/pt-br\\\/solicite-o-uso-de-propriedade-intelectual\\\/\",\"name\":\"Solicite o uso de propriedade intelectual - Pyramid Educational Consultants PECS.COM\",\"isPartOf\":{\"@id\":\"https:\\\/\\\/pecs.com\\\/pt-br\\\/#website\"},\"datePublished\":\"2020-03-19T14:22:58+00:00\",\"dateModified\":\"2020-03-19T14:44:11+00:00\",\"breadcrumb\":{\"@id\":\"https:\\\/\\\/pecs.com\\\/pt-br\\\/solicite-o-uso-de-propriedade-intelectual\\\/#breadcrumb\"},\"inLanguage\":\"pt-BR\",\"potentialAction\":[{\"@type\":\"ReadAction\",\"target\":[\"https:\\\/\\\/pecs.com\\\/pt-br\\\/solicite-o-uso-de-propriedade-intelectual\\\/\"]}]},{\"@type\":\"BreadcrumbList\",\"@id\":\"https:\\\/\\\/pecs.com\\\/pt-br\\\/solicite-o-uso-de-propriedade-intelectual\\\/#breadcrumb\",\"itemListElement\":[{\"@type\":\"ListItem\",\"position\":1,\"name\":\"Home\",\"item\":\"https:\\\/\\\/pecs.com\\\/pt-br\\\/\"},{\"@type\":\"ListItem\",\"position\":2,\"name\":\"Solicite o uso de propriedade intelectual\"}]},{\"@type\":\"WebSite\",\"@id\":\"https:\\\/\\\/pecs.com\\\/pt-br\\\/#website\",\"url\":\"https:\\\/\\\/pecs.com\\\/pt-br\\\/\",\"name\":\"Pyramid Educational Consultants PECS.COM\",\"description\":\"Home of the Picture Exchange Communication System\",\"potentialAction\":[{\"@type\":\"SearchAction\",\"target\":{\"@type\":\"EntryPoint\",\"urlTemplate\":\"https:\\\/\\\/pecs.com\\\/pt-br\\\/?s={search_term_string}\"},\"query-input\":{\"@type\":\"PropertyValueSpecification\",\"valueRequired\":true,\"valueName\":\"search_term_string\"}}],\"inLanguage\":\"pt-BR\"}]}<\/script>\n<!-- \/ Yoast SEO plugin. -->","yoast_head_json":{"title":"Solicite o uso de propriedade intelectual - Pyramid Educational Consultants PECS.COM","robots":{"index":"index","follow":"follow","max-snippet":"max-snippet:-1","max-image-preview":"max-image-preview:large","max-video-preview":"max-video-preview:-1"},"canonical":"https:\/\/pecs.com\/pt-br\/solicite-o-uso-de-propriedade-intelectual\/","og_locale":"pt_BR","og_type":"article","og_title":"Solicite o uso de propriedade intelectual - Pyramid Educational Consultants PECS.COM","og_description":"Solicite o uso de propriedade intelectualDeseja usar a propriedade intelectual da Pyramid de alguma forma? As solicita\u00e7\u00f5es de propriedade intelectual e permiss\u00f5es podem ser enviadas \u00e0 Pyramid para considera\u00e7\u00e3o, preenchendo o formul\u00e1rio abaixo. Depois de preencher o formul\u00e1rio, algu\u00e9m da nossa equipe entrar\u00e1 em contato com voc\u00ea dentro de 10 dias \u00fateis a respeito da [&hellip;]","og_url":"https:\/\/pecs.com\/pt-br\/solicite-o-uso-de-propriedade-intelectual\/","og_site_name":"Pyramid Educational Consultants PECS.COM","article_modified_time":"2020-03-19T14:44:11+00:00","twitter_card":"summary_large_image","twitter_misc":{"Est. tempo de leitura":"4 minutos"},"schema":{"@context":"https:\/\/schema.org","@graph":[{"@type":"WebPage","@id":"https:\/\/pecs.com\/pt-br\/solicite-o-uso-de-propriedade-intelectual\/","url":"https:\/\/pecs.com\/pt-br\/solicite-o-uso-de-propriedade-intelectual\/","name":"Solicite o uso de propriedade intelectual - Pyramid Educational Consultants PECS.COM","isPartOf":{"@id":"https:\/\/pecs.com\/pt-br\/#website"},"datePublished":"2020-03-19T14:22:58+00:00","dateModified":"2020-03-19T14:44:11+00:00","breadcrumb":{"@id":"https:\/\/pecs.com\/pt-br\/solicite-o-uso-de-propriedade-intelectual\/#breadcrumb"},"inLanguage":"pt-BR","potentialAction":[{"@type":"ReadAction","target":["https:\/\/pecs.com\/pt-br\/solicite-o-uso-de-propriedade-intelectual\/"]}]},{"@type":"BreadcrumbList","@id":"https:\/\/pecs.com\/pt-br\/solicite-o-uso-de-propriedade-intelectual\/#breadcrumb","itemListElement":[{"@type":"ListItem","position":1,"name":"Home","item":"https:\/\/pecs.com\/pt-br\/"},{"@type":"ListItem","position":2,"name":"Solicite o uso de propriedade intelectual"}]},{"@type":"WebSite","@id":"https:\/\/pecs.com\/pt-br\/#website","url":"https:\/\/pecs.com\/pt-br\/","name":"Pyramid Educational Consultants PECS.COM","description":"Home of the Picture Exchange Communication System","potentialAction":[{"@type":"SearchAction","target":{"@type":"EntryPoint","urlTemplate":"https:\/\/pecs.com\/pt-br\/?s={search_term_string}"},"query-input":{"@type":"PropertyValueSpecification","valueRequired":true,"valueName":"search_term_string"}}],"inLanguage":"pt-BR"}]}},"_links":{"self":[{"href":"https:\/\/pecs.com\/pt-br\/wp-json\/wp\/v2\/pages\/16684","targetHints":{"allow":["GET"]}}],"collection":[{"href":"https:\/\/pecs.com\/pt-br\/wp-json\/wp\/v2\/pages"}],"about":[{"href":"https:\/\/pecs.com\/pt-br\/wp-json\/wp\/v2\/types\/page"}],"author":[{"embeddable":true,"href":"https:\/\/pecs.com\/pt-br\/wp-json\/wp\/v2\/users\/9"}],"replies":[{"embeddable":true,"href":"https:\/\/pecs.com\/pt-br\/wp-json\/wp\/v2\/comments?post=16684"}],"version-history":[{"count":4,"href":"https:\/\/pecs.com\/pt-br\/wp-json\/wp\/v2\/pages\/16684\/revisions"}],"predecessor-version":[{"id":16723,"href":"https:\/\/pecs.com\/pt-br\/wp-json\/wp\/v2\/pages\/16684\/revisions\/16723"}],"wp:attachment":[{"href":"https:\/\/pecs.com\/pt-br\/wp-json\/wp\/v2\/media?parent=16684"}],"curies":[{"name":"wp","href":"https:\/\/api.w.org\/{rel}","templated":true}]}}