{"id":16667,"date":"2020-03-19T09:19:32","date_gmt":"2020-03-19T14:19:32","guid":{"rendered":"https:\/\/pecs.com\/?page_id=16667"},"modified":"2020-03-19T09:51:44","modified_gmt":"2020-03-19T14:51:44","slug":"oportunidades-de-carreira","status":"publish","type":"page","link":"https:\/\/pecs.com\/pt-br\/oportunidades-de-carreira\/","title":{"rendered":"Oportunidades de carreira"},"content":{"rendered":"<p>[et_pb_section fb_built=&#8221;1&#8243; _builder_version=&#8221;3.22.4&#8243; inner_width_tablet=&#8221;50px&#8221; inner_max_width_tablet=&#8221;50px&#8221; z_index_tablet=&#8221;500&#8243;][et_pb_row _builder_version=&#8221;3.25&#8243; z_index_tablet=&#8221;500&#8243;][et_pb_column type=&#8221;4_4&#8243; _builder_version=&#8221;3.0.47&#8243; custom_padding=&#8221;|||&#8221; custom_padding__hover=&#8221;|||&#8221;][et_pb_text admin_label=&#8221;Page Title&#8221; module_class=&#8221;career-list&#8221; _builder_version=&#8221;4.4.1&#8243; header_line_height=&#8221;1.5em&#8221; z_index_tablet=&#8221;500&#8243;]<\/p>\n<h1><img loading=\"lazy\" decoding=\"async\" class=\"alignnone size-medium wp-image-302\" src=\"https:\/\/cdn.pecs.com\/wp-content\/uploads\/2019\/04\/29132520\/career-admin.svg\" alt=\"\" width=\"1\" height=\"1\" \/>Oportunidades de carreira<\/h1>\n<p>[\/et_pb_text][et_pb_text admin_label=&#8221;Intro&#8221; module_class=&#8221;check-list&#8221; _builder_version=&#8221;4.4.1&#8243; z_index_tablet=&#8221;500&#8243; box_shadow_horizontal_tablet=&#8221;0px&#8221; box_shadow_vertical_tablet=&#8221;0px&#8221; box_shadow_blur_tablet=&#8221;40px&#8221; box_shadow_spread_tablet=&#8221;0px&#8221;]<\/p>\n<p><em>A Pyramid Educational Consultants \u00e9 uma empresa crescente de treinamento e consultoria dedicada a enriquecer a vida dos alunos com autismo e diferen\u00e7as relacionadas ao desenvolvimento. Nossos consultores fornecem uma variedade de apresenta\u00e7\u00f5es profissionais e servi\u00e7os de consultoria em todo o mundo, onde n\u00f3s:<\/em><\/p>\n<ul>\n<li>Adaptamos cuidadosamente nossos servi\u00e7os a cada indiv\u00edduo e situa\u00e7\u00e3o<\/li>\n<li>Incorporamos continuamente as pesquisas mais recentes em nossos programas<\/li>\n<li>Oferecemos solu\u00e7\u00f5es de natureza pr\u00e1tica<\/li>\n<\/ul>\n<p><em>N\u00f3s nos concentramos em projetar ambientes de aprendizado eficazes usando interven\u00e7\u00f5es funcionais, pr\u00e1ticas e baseadas em evid\u00eancias, para ensinar as pessoas a se comunicarem efetivamente, funcionarem de forma independente e serem produtivas em suas escolas, casa, local de trabalho e comunidade.<\/em><\/p>\n<p>[\/et_pb_text][et_pb_text admin_label=&#8221;Qualifications&#8221; module_class=&#8221;check-list&#8221; _builder_version=&#8221;4.4.1&#8243; hover_enabled=&#8221;0&#8243; z_index_tablet=&#8221;500&#8243; box_shadow_horizontal_tablet=&#8221;0px&#8221; box_shadow_vertical_tablet=&#8221;0px&#8221; box_shadow_blur_tablet=&#8221;40px&#8221; box_shadow_spread_tablet=&#8221;0px&#8221;]<\/p>\n<h2>Qualifica\u00e7\u00f5es\u200b:<\/h2>\n<ul>\n<li>\n<p>Mestrado e experi\u00eancia subsequente em \u00e1reas relevantes (por exemplo, an\u00e1lise de comportamento aplicada, educa\u00e7\u00e3o especial, fonoaudiologia, psicologia)<\/p>\n<\/li>\n<li>\n<p>A participa\u00e7\u00e3o no treinamento de N\u00edvel 1 do PECS realizado pelos consultores educacionais da Pyramid \u00e9 um requisito m\u00ednimo. O treinamento de N\u00edvel 1 do PECS tamb\u00e9m \u00e9 um pr\u00e9-requisito para iniciar o processo de Certifica\u00e7\u00e3o do PECS, que todos os consultores devem concluir ap\u00f3s serem contratados<\/p>\n<\/li>\n<li>Experi\u00eancia direta na implementa\u00e7\u00e3o do PECS com v\u00e1rios alunos em um ou mais ambientes, bem como experi\u00eancia pr\u00e1tica na \u00e1rea<\/li>\n<li>Excelentes habilidades interpessoais e de comunica\u00e7\u00e3o, tanto escritas quanto orais<\/li>\n<\/ul>\n<p>Os candidatos aprovados ter\u00e3o flexibilidade para viagens frequentes, tanto nacionais quanto internacionais e devem se sentir confort\u00e1veis \u200b\u200bem viajar sozinhos.<\/p>\n<p>Temos orgulho da cultura de nossa empresa e trabalhamos duro para garantir que todos os nossos consultores desfrutem de um forte equil\u00edbrio entre vida pessoal e profissional, sejam continuamente desafiados profissionalmente e tenham novas oportunidades de crescimento.<\/p>\n<p>Se voc\u00ea estiver procurando por uma nova oportunidade, gostar\u00edamos de ouvir sua opini\u00e3o! Envie seu curr\u00edculo para <a href=\"mailto:careers@pecs.com\">careers@pecs.com<\/a>.<\/p>\n<p>&nbsp;<\/p>\n<p>[\/et_pb_text][\/et_pb_column][\/et_pb_row][\/et_pb_section]<\/p>\n","protected":false},"excerpt":{"rendered":"<p>Oportunidades de carreiraA Pyramid Educational Consultants \u00e9 uma empresa crescente de treinamento e consultoria dedicada a enriquecer a vida dos alunos com autismo e diferen\u00e7as relacionadas ao desenvolvimento. Nossos consultores fornecem uma variedade de apresenta\u00e7\u00f5es profissionais e servi\u00e7os de consultoria em todo o mundo, onde n\u00f3s: Adaptamos cuidadosamente nossos servi\u00e7os a cada indiv\u00edduo e situa\u00e7\u00e3o [&hellip;]<\/p>\n","protected":false},"author":9,"featured_media":0,"parent":0,"menu_order":0,"comment_status":"closed","ping_status":"closed","template":"","meta":{"_et_pb_use_builder":"on","_et_pb_old_content":"[et_pb_section bb_built=\"1\" inner_width_tablet=\"50px\" inner_max_width_tablet=\"50px\" _builder_version=\"3.22.4\" z_index_tablet=\"500\"][et_pb_row _builder_version=\"3.22.4\" z_index_tablet=\"500\"][et_pb_column type=\"4_4\" custom_padding__hover=\"|||\" custom_padding=\"|||\"][et_pb_text admin_label=\"Page Title\" _builder_version=\"3.27.3\" text_text_shadow_horizontal_length=\"text_text_shadow_style,%91object Object%93\" text_text_shadow_vertical_length=\"text_text_shadow_style,%91object Object%93\" text_text_shadow_blur_strength=\"text_text_shadow_style,%91object Object%93\" link_text_shadow_horizontal_length=\"link_text_shadow_style,%91object Object%93\" link_text_shadow_vertical_length=\"link_text_shadow_style,%91object Object%93\" link_text_shadow_blur_strength=\"link_text_shadow_style,%91object Object%93\" ul_text_shadow_horizontal_length=\"ul_text_shadow_style,%91object Object%93\" ul_text_shadow_vertical_length=\"ul_text_shadow_style,%91object Object%93\" ul_text_shadow_blur_strength=\"ul_text_shadow_style,%91object Object%93\" ol_text_shadow_horizontal_length=\"ol_text_shadow_style,%91object Object%93\" ol_text_shadow_vertical_length=\"ol_text_shadow_style,%91object Object%93\" ol_text_shadow_blur_strength=\"ol_text_shadow_style,%91object Object%93\" quote_text_shadow_horizontal_length=\"quote_text_shadow_style,%91object Object%93\" quote_text_shadow_vertical_length=\"quote_text_shadow_style,%91object Object%93\" quote_text_shadow_blur_strength=\"quote_text_shadow_style,%91object Object%93\" header_text_shadow_horizontal_length=\"header_text_shadow_style,%91object Object%93\" header_text_shadow_vertical_length=\"header_text_shadow_style,%91object Object%93\" header_text_shadow_blur_strength=\"header_text_shadow_style,%91object Object%93\" header_2_text_shadow_horizontal_length=\"header_2_text_shadow_style,%91object Object%93\" header_2_text_shadow_vertical_length=\"header_2_text_shadow_style,%91object Object%93\" header_2_text_shadow_blur_strength=\"header_2_text_shadow_style,%91object Object%93\" header_3_text_shadow_horizontal_length=\"header_3_text_shadow_style,%91object Object%93\" header_3_text_shadow_vertical_length=\"header_3_text_shadow_style,%91object Object%93\" header_3_text_shadow_blur_strength=\"header_3_text_shadow_style,%91object Object%93\" header_4_text_shadow_horizontal_length=\"header_4_text_shadow_style,%91object Object%93\" header_4_text_shadow_vertical_length=\"header_4_text_shadow_style,%91object Object%93\" header_4_text_shadow_blur_strength=\"header_4_text_shadow_style,%91object Object%93\" header_5_text_shadow_horizontal_length=\"header_5_text_shadow_style,%91object Object%93\" header_5_text_shadow_vertical_length=\"header_5_text_shadow_style,%91object Object%93\" header_5_text_shadow_blur_strength=\"header_5_text_shadow_style,%91object Object%93\" header_6_text_shadow_horizontal_length=\"header_6_text_shadow_style,%91object Object%93\" header_6_text_shadow_vertical_length=\"header_6_text_shadow_style,%91object Object%93\" header_6_text_shadow_blur_strength=\"header_6_text_shadow_style,%91object Object%93\" z_index_tablet=\"500\" module_class=\"career-list\" header_line_height=\"1.5em\" text_orientation=\"left\"]\r\n\r\n<h1><img class=\"alignnone size-medium wp-image-302\" src=\"https:\/\/pecs.com\/wp-content\/uploads\/2019\/04\/career-admin.svg\" alt=\"\" width=\"1\" height=\"1\" \/>Career Opportunities<\/h1>\r\n\r\n[\/et_pb_text][et_pb_text admin_label=\"Intro\" _builder_version=\"3.29.3\" text_text_shadow_horizontal_length=\"text_text_shadow_style,%91object Object%93\" text_text_shadow_vertical_length=\"text_text_shadow_style,%91object Object%93\" text_text_shadow_blur_strength=\"text_text_shadow_style,%91object Object%93\" link_text_shadow_horizontal_length=\"link_text_shadow_style,%91object Object%93\" link_text_shadow_vertical_length=\"link_text_shadow_style,%91object Object%93\" link_text_shadow_blur_strength=\"link_text_shadow_style,%91object Object%93\" ul_text_shadow_horizontal_length=\"ul_text_shadow_style,%91object Object%93\" ul_text_shadow_vertical_length=\"ul_text_shadow_style,%91object Object%93\" ul_text_shadow_blur_strength=\"ul_text_shadow_style,%91object Object%93\" ol_text_shadow_horizontal_length=\"ol_text_shadow_style,%91object Object%93\" ol_text_shadow_vertical_length=\"ol_text_shadow_style,%91object Object%93\" ol_text_shadow_blur_strength=\"ol_text_shadow_style,%91object Object%93\" quote_text_shadow_horizontal_length=\"quote_text_shadow_style,%91object Object%93\" quote_text_shadow_vertical_length=\"quote_text_shadow_style,%91object Object%93\" quote_text_shadow_blur_strength=\"quote_text_shadow_style,%91object Object%93\" header_text_shadow_horizontal_length=\"header_text_shadow_style,%91object Object%93\" header_text_shadow_vertical_length=\"header_text_shadow_style,%91object Object%93\" header_text_shadow_blur_strength=\"header_text_shadow_style,%91object Object%93\" header_2_text_shadow_horizontal_length=\"header_2_text_shadow_style,%91object Object%93\" header_2_text_shadow_vertical_length=\"header_2_text_shadow_style,%91object Object%93\" header_2_text_shadow_blur_strength=\"header_2_text_shadow_style,%91object Object%93\" header_3_text_shadow_horizontal_length=\"header_3_text_shadow_style,%91object Object%93\" header_3_text_shadow_vertical_length=\"header_3_text_shadow_style,%91object Object%93\" header_3_text_shadow_blur_strength=\"header_3_text_shadow_style,%91object Object%93\" header_4_text_shadow_horizontal_length=\"header_4_text_shadow_style,%91object Object%93\" header_4_text_shadow_vertical_length=\"header_4_text_shadow_style,%91object Object%93\" header_4_text_shadow_blur_strength=\"header_4_text_shadow_style,%91object Object%93\" header_5_text_shadow_horizontal_length=\"header_5_text_shadow_style,%91object Object%93\" header_5_text_shadow_vertical_length=\"header_5_text_shadow_style,%91object Object%93\" header_5_text_shadow_blur_strength=\"header_5_text_shadow_style,%91object Object%93\" header_6_text_shadow_horizontal_length=\"header_6_text_shadow_style,%91object Object%93\" header_6_text_shadow_vertical_length=\"header_6_text_shadow_style,%91object Object%93\" header_6_text_shadow_blur_strength=\"header_6_text_shadow_style,%91object Object%93\" module_class=\"check-list\" z_index_tablet=\"500\" box_shadow_horizontal_tablet=\"0px\" box_shadow_vertical_tablet=\"0px\" box_shadow_blur_tablet=\"40px\" box_shadow_spread_tablet=\"0px\"]\r\n\r\n<p><em>Pyramid Educational Consultants is a growing training and consulting company dedicated to enriching the lives of learners with autism and related developmental differences. Our consultants provide a range of professional presentations and consultation services worldwide, where we:<\/em><\/p><ul><li>Carefully tailor our services to each individual and situation<\/li><li>Continually incorporate the latest research into our programs<\/li><li>Offer solutions that are practical in nature<\/li><\/ul><p><em>We focus on\u00a0 designing effective learning environments using functional, practical and evidence based interventions, to teach individuals how to effectively communicate, function independently and be productive in their schools, home, place of employment and community.<\/em><\/p>\r\n\r\n[\/et_pb_text][et_pb_text admin_label=\"Qualifications\" _builder_version=\"3.27.3\" text_text_shadow_horizontal_length=\"text_text_shadow_style,%91object Object%93\" text_text_shadow_vertical_length=\"text_text_shadow_style,%91object Object%93\" text_text_shadow_blur_strength=\"text_text_shadow_style,%91object Object%93\" link_text_shadow_horizontal_length=\"link_text_shadow_style,%91object Object%93\" link_text_shadow_vertical_length=\"link_text_shadow_style,%91object Object%93\" link_text_shadow_blur_strength=\"link_text_shadow_style,%91object Object%93\" ul_text_shadow_horizontal_length=\"ul_text_shadow_style,%91object Object%93\" ul_text_shadow_vertical_length=\"ul_text_shadow_style,%91object Object%93\" ul_text_shadow_blur_strength=\"ul_text_shadow_style,%91object Object%93\" ol_text_shadow_horizontal_length=\"ol_text_shadow_style,%91object Object%93\" ol_text_shadow_vertical_length=\"ol_text_shadow_style,%91object Object%93\" ol_text_shadow_blur_strength=\"ol_text_shadow_style,%91object Object%93\" quote_text_shadow_horizontal_length=\"quote_text_shadow_style,%91object Object%93\" quote_text_shadow_vertical_length=\"quote_text_shadow_style,%91object Object%93\" quote_text_shadow_blur_strength=\"quote_text_shadow_style,%91object Object%93\" header_text_shadow_horizontal_length=\"header_text_shadow_style,%91object Object%93\" header_text_shadow_vertical_length=\"header_text_shadow_style,%91object Object%93\" header_text_shadow_blur_strength=\"header_text_shadow_style,%91object Object%93\" header_2_text_shadow_horizontal_length=\"header_2_text_shadow_style,%91object Object%93\" header_2_text_shadow_vertical_length=\"header_2_text_shadow_style,%91object Object%93\" header_2_text_shadow_blur_strength=\"header_2_text_shadow_style,%91object Object%93\" header_3_text_shadow_horizontal_length=\"header_3_text_shadow_style,%91object Object%93\" header_3_text_shadow_vertical_length=\"header_3_text_shadow_style,%91object Object%93\" header_3_text_shadow_blur_strength=\"header_3_text_shadow_style,%91object Object%93\" header_4_text_shadow_horizontal_length=\"header_4_text_shadow_style,%91object Object%93\" header_4_text_shadow_vertical_length=\"header_4_text_shadow_style,%91object Object%93\" header_4_text_shadow_blur_strength=\"header_4_text_shadow_style,%91object Object%93\" header_5_text_shadow_horizontal_length=\"header_5_text_shadow_style,%91object Object%93\" header_5_text_shadow_vertical_length=\"header_5_text_shadow_style,%91object Object%93\" header_5_text_shadow_blur_strength=\"header_5_text_shadow_style,%91object Object%93\" header_6_text_shadow_horizontal_length=\"header_6_text_shadow_style,%91object Object%93\" header_6_text_shadow_vertical_length=\"header_6_text_shadow_style,%91object Object%93\" header_6_text_shadow_blur_strength=\"header_6_text_shadow_style,%91object Object%93\" module_class=\"check-list\" z_index_tablet=\"500\" box_shadow_horizontal_tablet=\"0px\" box_shadow_vertical_tablet=\"0px\" box_shadow_blur_tablet=\"40px\" box_shadow_spread_tablet=\"0px\" text_orientation=\"left\"]\r\n\r\n<h2>Qualifications:<\/h2>\r\n<ul>\r\n<li>Master\u2019s degree and subsequent experience in relevant field, (e.g., applied behavior analysis, special education, speech and language therapy, psychology)<\/li>\r\n<li>Attendance at PECS Level 1 Training conducted by Pyramid Educational Consultants is a minimum requirement. PECS Level 1 Training is also a prerequisite to begin the PECS Certification process, which all consultants must complete following hire<\/li>\r\n<li>Direct experience implementing PECS with a range of students in one or more settings as well as hands-on experience in the field<\/li>\r\n<li>Excellent interpersonal and communication skills, both written and oral<\/li>\r\n<\/ul>\r\n<p>Successful candidates will have flexibility for frequent travel, both domestic and international and must be comfortable traveling alone.<\/p>\r\n<p>We are proud of our company culture and work hard to ensure all of our consultants enjoy a strong work\/life balance, are continually challenged professionally and are provided with new opportunities to grow.<\/p>\r\n<p>If you are looking for a new opportunity, we\u2019d love to hear from you! Please submit your resume to\u00a0<a href=\"mailto:careers@pecs.com\">careers@pecs.com<\/a>.<\/p>\r\n<p>\u00a0<\/p>\r\n\r\n[\/et_pb_text][\/et_pb_column][\/et_pb_row][\/et_pb_section]","_et_gb_content_width":"","footnotes":""},"class_list":["post-16667","page","type-page","status-publish","hentry"],"yoast_head":"<!-- This site is optimized with the Yoast SEO plugin v27.4 - https:\/\/yoast.com\/product\/yoast-seo-wordpress\/ -->\n<title>Oportunidades de carreira - Pyramid Educational Consultants PECS.COM<\/title>\n<meta name=\"robots\" content=\"index, follow, max-snippet:-1, max-image-preview:large, max-video-preview:-1\" \/>\n<link rel=\"canonical\" href=\"https:\/\/pecs.com\/pt-br\/oportunidades-de-carreira\/\" \/>\n<meta property=\"og:locale\" content=\"pt_BR\" \/>\n<meta property=\"og:type\" content=\"article\" \/>\n<meta property=\"og:title\" content=\"Oportunidades de carreira - Pyramid Educational Consultants PECS.COM\" \/>\n<meta property=\"og:description\" content=\"Oportunidades de carreiraA Pyramid Educational Consultants \u00e9 uma empresa crescente de treinamento e consultoria dedicada a enriquecer a vida dos alunos com autismo e diferen\u00e7as relacionadas ao desenvolvimento. Nossos consultores fornecem uma variedade de apresenta\u00e7\u00f5es profissionais e servi\u00e7os de consultoria em todo o mundo, onde n\u00f3s: Adaptamos cuidadosamente nossos servi\u00e7os a cada indiv\u00edduo e situa\u00e7\u00e3o [&hellip;]\" \/>\n<meta property=\"og:url\" content=\"https:\/\/pecs.com\/pt-br\/oportunidades-de-carreira\/\" \/>\n<meta property=\"og:site_name\" content=\"Pyramid Educational Consultants PECS.COM\" \/>\n<meta property=\"article:modified_time\" content=\"2020-03-19T14:51:44+00:00\" \/>\n<meta property=\"og:image\" content=\"https:\/\/pecs.com\/wp-content\/uploads\/2019\/04\/career-admin.svg\" \/>\n<meta name=\"twitter:card\" content=\"summary_large_image\" \/>\n<meta name=\"twitter:label1\" content=\"Est. tempo de leitura\" \/>\n\t<meta name=\"twitter:data1\" content=\"2 minutos\" \/>\n<script type=\"application\/ld+json\" class=\"yoast-schema-graph\">{\"@context\":\"https:\\\/\\\/schema.org\",\"@graph\":[{\"@type\":\"WebPage\",\"@id\":\"https:\\\/\\\/pecs.com\\\/pt-br\\\/oportunidades-de-carreira\\\/\",\"url\":\"https:\\\/\\\/pecs.com\\\/pt-br\\\/oportunidades-de-carreira\\\/\",\"name\":\"Oportunidades de carreira - Pyramid Educational Consultants PECS.COM\",\"isPartOf\":{\"@id\":\"https:\\\/\\\/pecs.com\\\/pt-br\\\/#website\"},\"primaryImageOfPage\":{\"@id\":\"https:\\\/\\\/pecs.com\\\/pt-br\\\/oportunidades-de-carreira\\\/#primaryimage\"},\"image\":{\"@id\":\"https:\\\/\\\/pecs.com\\\/pt-br\\\/oportunidades-de-carreira\\\/#primaryimage\"},\"thumbnailUrl\":\"https:\\\/\\\/pecs.com\\\/wp-content\\\/uploads\\\/2019\\\/04\\\/career-admin.svg\",\"datePublished\":\"2020-03-19T14:19:32+00:00\",\"dateModified\":\"2020-03-19T14:51:44+00:00\",\"breadcrumb\":{\"@id\":\"https:\\\/\\\/pecs.com\\\/pt-br\\\/oportunidades-de-carreira\\\/#breadcrumb\"},\"inLanguage\":\"pt-BR\",\"potentialAction\":[{\"@type\":\"ReadAction\",\"target\":[\"https:\\\/\\\/pecs.com\\\/pt-br\\\/oportunidades-de-carreira\\\/\"]}]},{\"@type\":\"ImageObject\",\"inLanguage\":\"pt-BR\",\"@id\":\"https:\\\/\\\/pecs.com\\\/pt-br\\\/oportunidades-de-carreira\\\/#primaryimage\",\"url\":\"https:\\\/\\\/pecs.com\\\/wp-content\\\/uploads\\\/2019\\\/04\\\/career-admin.svg\",\"contentUrl\":\"https:\\\/\\\/pecs.com\\\/wp-content\\\/uploads\\\/2019\\\/04\\\/career-admin.svg\"},{\"@type\":\"BreadcrumbList\",\"@id\":\"https:\\\/\\\/pecs.com\\\/pt-br\\\/oportunidades-de-carreira\\\/#breadcrumb\",\"itemListElement\":[{\"@type\":\"ListItem\",\"position\":1,\"name\":\"Home\",\"item\":\"https:\\\/\\\/pecs.com\\\/pt-br\\\/\"},{\"@type\":\"ListItem\",\"position\":2,\"name\":\"Oportunidades de carreira\"}]},{\"@type\":\"WebSite\",\"@id\":\"https:\\\/\\\/pecs.com\\\/pt-br\\\/#website\",\"url\":\"https:\\\/\\\/pecs.com\\\/pt-br\\\/\",\"name\":\"Pyramid Educational Consultants PECS.COM\",\"description\":\"Home of the Picture Exchange Communication System\",\"potentialAction\":[{\"@type\":\"SearchAction\",\"target\":{\"@type\":\"EntryPoint\",\"urlTemplate\":\"https:\\\/\\\/pecs.com\\\/pt-br\\\/?s={search_term_string}\"},\"query-input\":{\"@type\":\"PropertyValueSpecification\",\"valueRequired\":true,\"valueName\":\"search_term_string\"}}],\"inLanguage\":\"pt-BR\"}]}<\/script>\n<!-- \/ Yoast SEO plugin. -->","yoast_head_json":{"title":"Oportunidades de carreira - Pyramid Educational Consultants PECS.COM","robots":{"index":"index","follow":"follow","max-snippet":"max-snippet:-1","max-image-preview":"max-image-preview:large","max-video-preview":"max-video-preview:-1"},"canonical":"https:\/\/pecs.com\/pt-br\/oportunidades-de-carreira\/","og_locale":"pt_BR","og_type":"article","og_title":"Oportunidades de carreira - Pyramid Educational Consultants PECS.COM","og_description":"Oportunidades de carreiraA Pyramid Educational Consultants \u00e9 uma empresa crescente de treinamento e consultoria dedicada a enriquecer a vida dos alunos com autismo e diferen\u00e7as relacionadas ao desenvolvimento. Nossos consultores fornecem uma variedade de apresenta\u00e7\u00f5es profissionais e servi\u00e7os de consultoria em todo o mundo, onde n\u00f3s: Adaptamos cuidadosamente nossos servi\u00e7os a cada indiv\u00edduo e situa\u00e7\u00e3o [&hellip;]","og_url":"https:\/\/pecs.com\/pt-br\/oportunidades-de-carreira\/","og_site_name":"Pyramid Educational Consultants PECS.COM","article_modified_time":"2020-03-19T14:51:44+00:00","og_image":[{"url":"https:\/\/pecs.com\/wp-content\/uploads\/2019\/04\/career-admin.svg","type":"","width":"","height":""}],"twitter_card":"summary_large_image","twitter_misc":{"Est. tempo de leitura":"2 minutos"},"schema":{"@context":"https:\/\/schema.org","@graph":[{"@type":"WebPage","@id":"https:\/\/pecs.com\/pt-br\/oportunidades-de-carreira\/","url":"https:\/\/pecs.com\/pt-br\/oportunidades-de-carreira\/","name":"Oportunidades de carreira - Pyramid Educational Consultants PECS.COM","isPartOf":{"@id":"https:\/\/pecs.com\/pt-br\/#website"},"primaryImageOfPage":{"@id":"https:\/\/pecs.com\/pt-br\/oportunidades-de-carreira\/#primaryimage"},"image":{"@id":"https:\/\/pecs.com\/pt-br\/oportunidades-de-carreira\/#primaryimage"},"thumbnailUrl":"https:\/\/pecs.com\/wp-content\/uploads\/2019\/04\/career-admin.svg","datePublished":"2020-03-19T14:19:32+00:00","dateModified":"2020-03-19T14:51:44+00:00","breadcrumb":{"@id":"https:\/\/pecs.com\/pt-br\/oportunidades-de-carreira\/#breadcrumb"},"inLanguage":"pt-BR","potentialAction":[{"@type":"ReadAction","target":["https:\/\/pecs.com\/pt-br\/oportunidades-de-carreira\/"]}]},{"@type":"ImageObject","inLanguage":"pt-BR","@id":"https:\/\/pecs.com\/pt-br\/oportunidades-de-carreira\/#primaryimage","url":"https:\/\/pecs.com\/wp-content\/uploads\/2019\/04\/career-admin.svg","contentUrl":"https:\/\/pecs.com\/wp-content\/uploads\/2019\/04\/career-admin.svg"},{"@type":"BreadcrumbList","@id":"https:\/\/pecs.com\/pt-br\/oportunidades-de-carreira\/#breadcrumb","itemListElement":[{"@type":"ListItem","position":1,"name":"Home","item":"https:\/\/pecs.com\/pt-br\/"},{"@type":"ListItem","position":2,"name":"Oportunidades de carreira"}]},{"@type":"WebSite","@id":"https:\/\/pecs.com\/pt-br\/#website","url":"https:\/\/pecs.com\/pt-br\/","name":"Pyramid Educational Consultants PECS.COM","description":"Home of the Picture Exchange Communication System","potentialAction":[{"@type":"SearchAction","target":{"@type":"EntryPoint","urlTemplate":"https:\/\/pecs.com\/pt-br\/?s={search_term_string}"},"query-input":{"@type":"PropertyValueSpecification","valueRequired":true,"valueName":"search_term_string"}}],"inLanguage":"pt-BR"}]}},"_links":{"self":[{"href":"https:\/\/pecs.com\/pt-br\/wp-json\/wp\/v2\/pages\/16667","targetHints":{"allow":["GET"]}}],"collection":[{"href":"https:\/\/pecs.com\/pt-br\/wp-json\/wp\/v2\/pages"}],"about":[{"href":"https:\/\/pecs.com\/pt-br\/wp-json\/wp\/v2\/types\/page"}],"author":[{"embeddable":true,"href":"https:\/\/pecs.com\/pt-br\/wp-json\/wp\/v2\/users\/9"}],"replies":[{"embeddable":true,"href":"https:\/\/pecs.com\/pt-br\/wp-json\/wp\/v2\/comments?post=16667"}],"version-history":[{"count":6,"href":"https:\/\/pecs.com\/pt-br\/wp-json\/wp\/v2\/pages\/16667\/revisions"}],"predecessor-version":[{"id":16730,"href":"https:\/\/pecs.com\/pt-br\/wp-json\/wp\/v2\/pages\/16667\/revisions\/16730"}],"wp:attachment":[{"href":"https:\/\/pecs.com\/pt-br\/wp-json\/wp\/v2\/media?parent=16667"}],"curies":[{"name":"wp","href":"https:\/\/api.w.org\/{rel}","templated":true}]}}