{"id":16239,"date":"2019-10-03T13:13:22","date_gmt":"2019-10-03T18:13:22","guid":{"rendered":"https:\/\/pecs.com\/?page_id=16239"},"modified":"2019-10-03T13:37:06","modified_gmt":"2019-10-03T18:37:06","slug":"sciezki-rozwoju","status":"publish","type":"page","link":"https:\/\/pecs.com\/pl\/sciezki-rozwoju\/","title":{"rendered":"\u015acie\u017cki Rozwoju"},"content":{"rendered":"<p>[et_pb_section bb_built=&#8221;1&#8243; inner_width_tablet=&#8221;50px&#8221; inner_max_width_tablet=&#8221;50px&#8221; _builder_version=&#8221;3.22.4&#8243; z_index_tablet=&#8221;500&#8243;][et_pb_row _builder_version=&#8221;3.22.4&#8243; z_index_tablet=&#8221;500&#8243;][et_pb_column type=&#8221;4_4&#8243; custom_padding__hover=&#8221;|||&#8221; custom_padding=&#8221;|||&#8221;][et_pb_text admin_label=&#8221;Page Title&#8221; _builder_version=&#8221;3.29.3&#8243; text_text_shadow_horizontal_length=&#8221;text_text_shadow_style,%91object Object%93&#8243; text_text_shadow_vertical_length=&#8221;text_text_shadow_style,%91object Object%93&#8243; text_text_shadow_blur_strength=&#8221;text_text_shadow_style,%91object Object%93&#8243; link_text_shadow_horizontal_length=&#8221;link_text_shadow_style,%91object Object%93&#8243; link_text_shadow_vertical_length=&#8221;link_text_shadow_style,%91object Object%93&#8243; link_text_shadow_blur_strength=&#8221;link_text_shadow_style,%91object Object%93&#8243; ul_text_shadow_horizontal_length=&#8221;ul_text_shadow_style,%91object Object%93&#8243; ul_text_shadow_vertical_length=&#8221;ul_text_shadow_style,%91object Object%93&#8243; ul_text_shadow_blur_strength=&#8221;ul_text_shadow_style,%91object Object%93&#8243; ol_text_shadow_horizontal_length=&#8221;ol_text_shadow_style,%91object Object%93&#8243; ol_text_shadow_vertical_length=&#8221;ol_text_shadow_style,%91object Object%93&#8243; ol_text_shadow_blur_strength=&#8221;ol_text_shadow_style,%91object Object%93&#8243; quote_text_shadow_horizontal_length=&#8221;quote_text_shadow_style,%91object Object%93&#8243; quote_text_shadow_vertical_length=&#8221;quote_text_shadow_style,%91object Object%93&#8243; quote_text_shadow_blur_strength=&#8221;quote_text_shadow_style,%91object Object%93&#8243; header_text_shadow_horizontal_length=&#8221;header_text_shadow_style,%91object Object%93&#8243; header_text_shadow_vertical_length=&#8221;header_text_shadow_style,%91object Object%93&#8243; header_text_shadow_blur_strength=&#8221;header_text_shadow_style,%91object Object%93&#8243; header_2_text_shadow_horizontal_length=&#8221;header_2_text_shadow_style,%91object Object%93&#8243; header_2_text_shadow_vertical_length=&#8221;header_2_text_shadow_style,%91object Object%93&#8243; header_2_text_shadow_blur_strength=&#8221;header_2_text_shadow_style,%91object Object%93&#8243; header_3_text_shadow_horizontal_length=&#8221;header_3_text_shadow_style,%91object Object%93&#8243; header_3_text_shadow_vertical_length=&#8221;header_3_text_shadow_style,%91object Object%93&#8243; header_3_text_shadow_blur_strength=&#8221;header_3_text_shadow_style,%91object Object%93&#8243; header_4_text_shadow_horizontal_length=&#8221;header_4_text_shadow_style,%91object Object%93&#8243; header_4_text_shadow_vertical_length=&#8221;header_4_text_shadow_style,%91object Object%93&#8243; header_4_text_shadow_blur_strength=&#8221;header_4_text_shadow_style,%91object Object%93&#8243; header_5_text_shadow_horizontal_length=&#8221;header_5_text_shadow_style,%91object Object%93&#8243; header_5_text_shadow_vertical_length=&#8221;header_5_text_shadow_style,%91object Object%93&#8243; header_5_text_shadow_blur_strength=&#8221;header_5_text_shadow_style,%91object Object%93&#8243; header_6_text_shadow_horizontal_length=&#8221;header_6_text_shadow_style,%91object Object%93&#8243; header_6_text_shadow_vertical_length=&#8221;header_6_text_shadow_style,%91object Object%93&#8243; header_6_text_shadow_blur_strength=&#8221;header_6_text_shadow_style,%91object Object%93&#8243; z_index_tablet=&#8221;500&#8243; module_class=&#8221;career-list&#8221; header_line_height=&#8221;1.5em&#8221; box_shadow_horizontal_tablet=&#8221;0px&#8221; box_shadow_vertical_tablet=&#8221;0px&#8221; box_shadow_blur_tablet=&#8221;40px&#8221; box_shadow_spread_tablet=&#8221;0px&#8221;]<\/p>\n<h1>\u015acie\u017cki Rozwoju<\/h1>\n<p>[\/et_pb_text][et_pb_text admin_label=&#8221;Intro&#8221; _builder_version=&#8221;3.29.3&#8243; text_text_shadow_horizontal_length=&#8221;text_text_shadow_style,%91object Object%93&#8243; text_text_shadow_vertical_length=&#8221;text_text_shadow_style,%91object Object%93&#8243; text_text_shadow_blur_strength=&#8221;text_text_shadow_style,%91object Object%93&#8243; link_text_shadow_horizontal_length=&#8221;link_text_shadow_style,%91object Object%93&#8243; link_text_shadow_vertical_length=&#8221;link_text_shadow_style,%91object Object%93&#8243; link_text_shadow_blur_strength=&#8221;link_text_shadow_style,%91object Object%93&#8243; ul_text_shadow_horizontal_length=&#8221;ul_text_shadow_style,%91object Object%93&#8243; ul_text_shadow_vertical_length=&#8221;ul_text_shadow_style,%91object Object%93&#8243; ul_text_shadow_blur_strength=&#8221;ul_text_shadow_style,%91object Object%93&#8243; ol_text_shadow_horizontal_length=&#8221;ol_text_shadow_style,%91object Object%93&#8243; ol_text_shadow_vertical_length=&#8221;ol_text_shadow_style,%91object Object%93&#8243; ol_text_shadow_blur_strength=&#8221;ol_text_shadow_style,%91object Object%93&#8243; quote_text_shadow_horizontal_length=&#8221;quote_text_shadow_style,%91object Object%93&#8243; quote_text_shadow_vertical_length=&#8221;quote_text_shadow_style,%91object Object%93&#8243; quote_text_shadow_blur_strength=&#8221;quote_text_shadow_style,%91object Object%93&#8243; header_text_shadow_horizontal_length=&#8221;header_text_shadow_style,%91object Object%93&#8243; header_text_shadow_vertical_length=&#8221;header_text_shadow_style,%91object Object%93&#8243; header_text_shadow_blur_strength=&#8221;header_text_shadow_style,%91object Object%93&#8243; header_2_text_shadow_horizontal_length=&#8221;header_2_text_shadow_style,%91object Object%93&#8243; header_2_text_shadow_vertical_length=&#8221;header_2_text_shadow_style,%91object Object%93&#8243; header_2_text_shadow_blur_strength=&#8221;header_2_text_shadow_style,%91object Object%93&#8243; header_3_text_shadow_horizontal_length=&#8221;header_3_text_shadow_style,%91object Object%93&#8243; header_3_text_shadow_vertical_length=&#8221;header_3_text_shadow_style,%91object Object%93&#8243; header_3_text_shadow_blur_strength=&#8221;header_3_text_shadow_style,%91object Object%93&#8243; header_4_text_shadow_horizontal_length=&#8221;header_4_text_shadow_style,%91object Object%93&#8243; header_4_text_shadow_vertical_length=&#8221;header_4_text_shadow_style,%91object Object%93&#8243; header_4_text_shadow_blur_strength=&#8221;header_4_text_shadow_style,%91object Object%93&#8243; header_5_text_shadow_horizontal_length=&#8221;header_5_text_shadow_style,%91object Object%93&#8243; header_5_text_shadow_vertical_length=&#8221;header_5_text_shadow_style,%91object Object%93&#8243; header_5_text_shadow_blur_strength=&#8221;header_5_text_shadow_style,%91object Object%93&#8243; header_6_text_shadow_horizontal_length=&#8221;header_6_text_shadow_style,%91object Object%93&#8243; header_6_text_shadow_vertical_length=&#8221;header_6_text_shadow_style,%91object Object%93&#8243; header_6_text_shadow_blur_strength=&#8221;header_6_text_shadow_style,%91object Object%93&#8243; module_class=&#8221;check-list&#8221; z_index_tablet=&#8221;500&#8243; box_shadow_horizontal_tablet=&#8221;0px&#8221; box_shadow_vertical_tablet=&#8221;0px&#8221; box_shadow_blur_tablet=&#8221;40px&#8221; box_shadow_spread_tablet=&#8221;0px&#8221;]<\/p>\n<p><em>Pyramid Educational Consultants to rozwijaj\u0105ca si\u0119 firma szkoleniowo-konsultacyjna, zajmuj\u0105ca si\u0119 wspieraniem oraz wzbogacaniem \u017cycia uczni\u00f3w autyzmem i powi\u0105zanymi r\u00f3\u017cnicami rozwojowymi. Nasi konsultanci zapewniaj\u0105 szereg profesjonalnych szkole\u0144 i us\u0142ug konsultacyjnych na ca\u0142ym \u015bwiecie, w kt\u00f3rych:<br \/><\/em><\/p>\n<ul>\n<li>Starannie dostosowujemy nasze us\u0142ugi do ka\u017cdej osoby i sytuacji<\/li>\n<li>Nieustannie w\u0142\u0105czamy najnowsze badania do naszych program\u00f3w<\/li>\n<li>Oferuj rozwi\u0105zania o charakterze praktycznym<\/li>\n<\/ul>\n<p>Koncentrujemy si\u0119 na projektowaniu efektywnych \u015brodowisk edukacyjnych z wykorzystaniem strategii <em>funkcjonalnych, praktycznych i opartych na dowodach, aby uczy\u0107 podopiecznych, jak skutecznie komunikowa\u0107 si\u0119, funkcjonowa\u0107 niezale\u017cnie i by\u0107 produktywnym w szkole, domu, miejscu pracy i spo\u0142eczno\u015bci.<\/em><\/p>\n<p>[\/et_pb_text][et_pb_text admin_label=&#8221;Qualifications&#8221; _builder_version=&#8221;3.29.3&#8243; text_text_shadow_horizontal_length=&#8221;text_text_shadow_style,%91object Object%93&#8243; text_text_shadow_vertical_length=&#8221;text_text_shadow_style,%91object Object%93&#8243; text_text_shadow_blur_strength=&#8221;text_text_shadow_style,%91object Object%93&#8243; link_text_shadow_horizontal_length=&#8221;link_text_shadow_style,%91object Object%93&#8243; link_text_shadow_vertical_length=&#8221;link_text_shadow_style,%91object Object%93&#8243; link_text_shadow_blur_strength=&#8221;link_text_shadow_style,%91object Object%93&#8243; ul_text_shadow_horizontal_length=&#8221;ul_text_shadow_style,%91object Object%93&#8243; ul_text_shadow_vertical_length=&#8221;ul_text_shadow_style,%91object Object%93&#8243; ul_text_shadow_blur_strength=&#8221;ul_text_shadow_style,%91object Object%93&#8243; ol_text_shadow_horizontal_length=&#8221;ol_text_shadow_style,%91object Object%93&#8243; ol_text_shadow_vertical_length=&#8221;ol_text_shadow_style,%91object Object%93&#8243; ol_text_shadow_blur_strength=&#8221;ol_text_shadow_style,%91object Object%93&#8243; quote_text_shadow_horizontal_length=&#8221;quote_text_shadow_style,%91object Object%93&#8243; quote_text_shadow_vertical_length=&#8221;quote_text_shadow_style,%91object Object%93&#8243; quote_text_shadow_blur_strength=&#8221;quote_text_shadow_style,%91object Object%93&#8243; header_text_shadow_horizontal_length=&#8221;header_text_shadow_style,%91object Object%93&#8243; header_text_shadow_vertical_length=&#8221;header_text_shadow_style,%91object Object%93&#8243; header_text_shadow_blur_strength=&#8221;header_text_shadow_style,%91object Object%93&#8243; header_2_text_shadow_horizontal_length=&#8221;header_2_text_shadow_style,%91object Object%93&#8243; header_2_text_shadow_vertical_length=&#8221;header_2_text_shadow_style,%91object Object%93&#8243; header_2_text_shadow_blur_strength=&#8221;header_2_text_shadow_style,%91object Object%93&#8243; header_3_text_shadow_horizontal_length=&#8221;header_3_text_shadow_style,%91object Object%93&#8243; header_3_text_shadow_vertical_length=&#8221;header_3_text_shadow_style,%91object Object%93&#8243; header_3_text_shadow_blur_strength=&#8221;header_3_text_shadow_style,%91object Object%93&#8243; header_4_text_shadow_horizontal_length=&#8221;header_4_text_shadow_style,%91object Object%93&#8243; header_4_text_shadow_vertical_length=&#8221;header_4_text_shadow_style,%91object Object%93&#8243; header_4_text_shadow_blur_strength=&#8221;header_4_text_shadow_style,%91object Object%93&#8243; header_5_text_shadow_horizontal_length=&#8221;header_5_text_shadow_style,%91object Object%93&#8243; header_5_text_shadow_vertical_length=&#8221;header_5_text_shadow_style,%91object Object%93&#8243; header_5_text_shadow_blur_strength=&#8221;header_5_text_shadow_style,%91object Object%93&#8243; header_6_text_shadow_horizontal_length=&#8221;header_6_text_shadow_style,%91object Object%93&#8243; header_6_text_shadow_vertical_length=&#8221;header_6_text_shadow_style,%91object Object%93&#8243; header_6_text_shadow_blur_strength=&#8221;header_6_text_shadow_style,%91object Object%93&#8243; module_class=&#8221;check-list&#8221; z_index_tablet=&#8221;500&#8243; box_shadow_horizontal_tablet=&#8221;0px&#8221; box_shadow_vertical_tablet=&#8221;0px&#8221; box_shadow_blur_tablet=&#8221;40px&#8221; box_shadow_spread_tablet=&#8221;0px&#8221;]<\/p>\n<h2>Kwalifikacje:<\/h2>\n<ul>\n<li>Magister + do\u015bwiadczenie w odpowiedniej dziedzinie (np. Stosowana analiza zachowania, edukacja specjalna, terapia mowy i j\u0119zyka, psychologia)<\/li>\n<li>Udzia\u0142 w szkoleniu PECS Poziom 1 prowadzonym przez Pyramid Educational Consultants jest wymogiem koniecznym. Szkolenie PECS Poziom 1 jest r\u00f3wnie\u017c warunkiem rozpocz\u0119cia procesu certyfikacji PECS, kt\u00f3ry musz\u0105 uko\u0144czy\u0107 zatrudnieni konsultanci.<\/li>\n<li>Bezpo\u015brednie do\u015bwiadczenie we wdra\u017caniu PECS z uczniami z r\u00f3\u017cnymi niepe\u0142nosprawno\u015bciami w r\u00f3\u017cnych \u015brodowiskach, a tak\u017ce dodatkowe do\u015bwiadczenie praktyczne<\/li>\n<li>Doskona\u0142e umiej\u0119tno\u015bci interpersonalne i komunikacyjne, zar\u00f3wno w mowie, jak i w pi\u015bmie<\/li>\n<\/ul>\n<p>Wybrani kandydaci powinni by\u0107 elastyczni w zakresie cz\u0119stych podr\u00f3\u017cy, zar\u00f3wno krajowych, jak i mi\u0119dzynarodowych. Musz\u0105 tak\u017ce czu\u0107 si\u0119 swobodnie w samodzielnym podr\u00f3\u017cowaniu.<\/p>\n<p>Jeste\u015bmy dumni z kultury naszej firmy i ci\u0119\u017cko pracujemy, aby zapewni\u0107 wszystkim naszym konsultantom siln\u0105 r\u00f3wnowag\u0119 mi\u0119dzy prac\u0105 a \u017cyciem prywatnym, nieustannie stawiamy czo\u0142a wyzwaniom zawodowym i zapewniamy nowe mo\u017cliwo\u015bci rozwoju.<\/p>\n<p>Je\u015bli szukasz nowej \u015bcie\u017cki rozwoju, a powy\u017cszy opis pasuje do Ciebie &#8211; chcieliby\u015bmy Ci\u0119 pozna\u0107! Prze\u015blij swoje CV na adres <a href=\"mailto:careers@pecs.com\">careers@pecs.com<\/a>.<\/p>\n<p>\u00a0<\/p>\n<p>[\/et_pb_text][\/et_pb_column][\/et_pb_row][\/et_pb_section]<\/p>\n","protected":false},"excerpt":{"rendered":"<p>\u015acie\u017cki Rozwoju Pyramid Educational Consultants to rozwijaj\u0105ca si\u0119 firma szkoleniowo-konsultacyjna, zajmuj\u0105ca si\u0119 wspieraniem oraz wzbogacaniem \u017cycia uczni\u00f3w autyzmem i powi\u0105zanymi r\u00f3\u017cnicami rozwojowymi. Nasi konsultanci zapewniaj\u0105 szereg profesjonalnych szkole\u0144 i us\u0142ug konsultacyjnych na ca\u0142ym \u015bwiecie, w kt\u00f3rych:Starannie dostosowujemy nasze us\u0142ugi do ka\u017cdej osoby i sytuacjiNieustannie w\u0142\u0105czamy najnowsze badania do naszych program\u00f3wOferuj rozwi\u0105zania o charakterze praktycznymKoncentrujemy si\u0119 [&hellip;]<\/p>\n","protected":false},"author":9,"featured_media":0,"parent":0,"menu_order":0,"comment_status":"closed","ping_status":"closed","template":"","meta":{"_et_pb_use_builder":"on","_et_pb_old_content":"<!-- wp:paragraph -->\r\n<p>This is an example page. It's different from a blog post because it will stay in one place and will show up in your site navigation (in most themes). Most people start with an About page that introduces them to potential site visitors. It might say something like this:<\/p>\r\n<!-- \/wp:paragraph -->\r\n\r\n<!-- wp:quote -->\r\n<blockquote class=\"wp-block-quote\"><p>Hi there! I'm a bike messenger by day, aspiring actor by night, and this is my website. I live in Los Angeles, have a great dog named Jack, and I like pi\u00f1a coladas. (And gettin' caught in the rain.)<\/p><\/blockquote>\r\n<!-- \/wp:quote -->\r\n\r\n<!-- wp:paragraph -->\r\n<p>...or something like this:<\/p>\r\n<!-- \/wp:paragraph -->\r\n\r\n<!-- wp:quote -->\r\n<blockquote class=\"wp-block-quote\"><p>The XYZ Doohickey Company was founded in 1971, and has been providing quality doohickeys to the public ever since. Located in Gotham City, XYZ employs over 2,000 people and does all kinds of awesome things for the Gotham community.<\/p><\/blockquote>\r\n<!-- \/wp:quote -->\r\n\r\n<!-- wp:paragraph -->\r\n<p>As a new WordPress user, you should go to <a href=\"https:\/\/pecs.com\/wp-admin\/\">your dashboard<\/a> to delete this page and create new pages for your content. Have fun!<\/p>\r\n<!-- \/wp:paragraph -->","_et_gb_content_width":"","footnotes":""},"class_list":["post-16239","page","type-page","status-publish","hentry"],"yoast_head":"<!-- This site is optimized with the Yoast SEO plugin v27.4 - https:\/\/yoast.com\/product\/yoast-seo-wordpress\/ -->\n<title>\u015acie\u017cki Rozwoju - Pyramid Educational Consultants PECS.COM<\/title>\n<meta name=\"robots\" content=\"index, follow, max-snippet:-1, max-image-preview:large, max-video-preview:-1\" \/>\n<link rel=\"canonical\" href=\"https:\/\/pecs.com\/pl\/sciezki-rozwoju\/\" \/>\n<meta property=\"og:locale\" content=\"pl_PL\" \/>\n<meta property=\"og:type\" content=\"article\" \/>\n<meta property=\"og:title\" content=\"\u015acie\u017cki Rozwoju - Pyramid Educational Consultants PECS.COM\" \/>\n<meta property=\"og:description\" content=\"\u015acie\u017cki Rozwoju Pyramid Educational Consultants to rozwijaj\u0105ca si\u0119 firma szkoleniowo-konsultacyjna, zajmuj\u0105ca si\u0119 wspieraniem oraz wzbogacaniem \u017cycia uczni\u00f3w autyzmem i powi\u0105zanymi r\u00f3\u017cnicami rozwojowymi. Nasi konsultanci zapewniaj\u0105 szereg profesjonalnych szkole\u0144 i us\u0142ug konsultacyjnych na ca\u0142ym \u015bwiecie, w kt\u00f3rych:Starannie dostosowujemy nasze us\u0142ugi do ka\u017cdej osoby i sytuacjiNieustannie w\u0142\u0105czamy najnowsze badania do naszych program\u00f3wOferuj rozwi\u0105zania o charakterze praktycznymKoncentrujemy si\u0119 [&hellip;]\" \/>\n<meta property=\"og:url\" content=\"https:\/\/pecs.com\/pl\/sciezki-rozwoju\/\" \/>\n<meta property=\"og:site_name\" content=\"Pyramid Educational Consultants PECS.COM\" \/>\n<meta property=\"article:modified_time\" content=\"2019-10-03T18:37:06+00:00\" \/>\n<meta name=\"twitter:card\" content=\"summary_large_image\" \/>\n<meta name=\"twitter:label1\" content=\"Szacowany czas czytania\" \/>\n\t<meta name=\"twitter:data1\" content=\"8 minut\" \/>\n<script type=\"application\/ld+json\" class=\"yoast-schema-graph\">{\"@context\":\"https:\\\/\\\/schema.org\",\"@graph\":[{\"@type\":\"WebPage\",\"@id\":\"https:\\\/\\\/pecs.com\\\/pl\\\/sciezki-rozwoju\\\/\",\"url\":\"https:\\\/\\\/pecs.com\\\/pl\\\/sciezki-rozwoju\\\/\",\"name\":\"\u015acie\u017cki Rozwoju - Pyramid Educational Consultants PECS.COM\",\"isPartOf\":{\"@id\":\"https:\\\/\\\/pecs.com\\\/pl\\\/#website\"},\"datePublished\":\"2019-10-03T18:13:22+00:00\",\"dateModified\":\"2019-10-03T18:37:06+00:00\",\"breadcrumb\":{\"@id\":\"https:\\\/\\\/pecs.com\\\/pl\\\/sciezki-rozwoju\\\/#breadcrumb\"},\"inLanguage\":\"pl-PL\",\"potentialAction\":[{\"@type\":\"ReadAction\",\"target\":[\"https:\\\/\\\/pecs.com\\\/pl\\\/sciezki-rozwoju\\\/\"]}]},{\"@type\":\"BreadcrumbList\",\"@id\":\"https:\\\/\\\/pecs.com\\\/pl\\\/sciezki-rozwoju\\\/#breadcrumb\",\"itemListElement\":[{\"@type\":\"ListItem\",\"position\":1,\"name\":\"Home\",\"item\":\"https:\\\/\\\/pecs.com\\\/pl\\\/\"},{\"@type\":\"ListItem\",\"position\":2,\"name\":\"\u015acie\u017cki Rozwoju\"}]},{\"@type\":\"WebSite\",\"@id\":\"https:\\\/\\\/pecs.com\\\/pl\\\/#website\",\"url\":\"https:\\\/\\\/pecs.com\\\/pl\\\/\",\"name\":\"Pyramid Educational Consultants PECS.COM\",\"description\":\"Home of the Picture Exchange Communication System\",\"potentialAction\":[{\"@type\":\"SearchAction\",\"target\":{\"@type\":\"EntryPoint\",\"urlTemplate\":\"https:\\\/\\\/pecs.com\\\/pl\\\/?s={search_term_string}\"},\"query-input\":{\"@type\":\"PropertyValueSpecification\",\"valueRequired\":true,\"valueName\":\"search_term_string\"}}],\"inLanguage\":\"pl-PL\"}]}<\/script>\n<!-- \/ Yoast SEO plugin. -->","yoast_head_json":{"title":"\u015acie\u017cki Rozwoju - Pyramid Educational Consultants PECS.COM","robots":{"index":"index","follow":"follow","max-snippet":"max-snippet:-1","max-image-preview":"max-image-preview:large","max-video-preview":"max-video-preview:-1"},"canonical":"https:\/\/pecs.com\/pl\/sciezki-rozwoju\/","og_locale":"pl_PL","og_type":"article","og_title":"\u015acie\u017cki Rozwoju - Pyramid Educational Consultants PECS.COM","og_description":"\u015acie\u017cki Rozwoju Pyramid Educational Consultants to rozwijaj\u0105ca si\u0119 firma szkoleniowo-konsultacyjna, zajmuj\u0105ca si\u0119 wspieraniem oraz wzbogacaniem \u017cycia uczni\u00f3w autyzmem i powi\u0105zanymi r\u00f3\u017cnicami rozwojowymi. Nasi konsultanci zapewniaj\u0105 szereg profesjonalnych szkole\u0144 i us\u0142ug konsultacyjnych na ca\u0142ym \u015bwiecie, w kt\u00f3rych:Starannie dostosowujemy nasze us\u0142ugi do ka\u017cdej osoby i sytuacjiNieustannie w\u0142\u0105czamy najnowsze badania do naszych program\u00f3wOferuj rozwi\u0105zania o charakterze praktycznymKoncentrujemy si\u0119 [&hellip;]","og_url":"https:\/\/pecs.com\/pl\/sciezki-rozwoju\/","og_site_name":"Pyramid Educational Consultants PECS.COM","article_modified_time":"2019-10-03T18:37:06+00:00","twitter_card":"summary_large_image","twitter_misc":{"Szacowany czas czytania":"8 minut"},"schema":{"@context":"https:\/\/schema.org","@graph":[{"@type":"WebPage","@id":"https:\/\/pecs.com\/pl\/sciezki-rozwoju\/","url":"https:\/\/pecs.com\/pl\/sciezki-rozwoju\/","name":"\u015acie\u017cki Rozwoju - Pyramid Educational Consultants PECS.COM","isPartOf":{"@id":"https:\/\/pecs.com\/pl\/#website"},"datePublished":"2019-10-03T18:13:22+00:00","dateModified":"2019-10-03T18:37:06+00:00","breadcrumb":{"@id":"https:\/\/pecs.com\/pl\/sciezki-rozwoju\/#breadcrumb"},"inLanguage":"pl-PL","potentialAction":[{"@type":"ReadAction","target":["https:\/\/pecs.com\/pl\/sciezki-rozwoju\/"]}]},{"@type":"BreadcrumbList","@id":"https:\/\/pecs.com\/pl\/sciezki-rozwoju\/#breadcrumb","itemListElement":[{"@type":"ListItem","position":1,"name":"Home","item":"https:\/\/pecs.com\/pl\/"},{"@type":"ListItem","position":2,"name":"\u015acie\u017cki Rozwoju"}]},{"@type":"WebSite","@id":"https:\/\/pecs.com\/pl\/#website","url":"https:\/\/pecs.com\/pl\/","name":"Pyramid Educational Consultants PECS.COM","description":"Home of the Picture Exchange Communication System","potentialAction":[{"@type":"SearchAction","target":{"@type":"EntryPoint","urlTemplate":"https:\/\/pecs.com\/pl\/?s={search_term_string}"},"query-input":{"@type":"PropertyValueSpecification","valueRequired":true,"valueName":"search_term_string"}}],"inLanguage":"pl-PL"}]}},"_links":{"self":[{"href":"https:\/\/pecs.com\/pl\/wp-json\/wp\/v2\/pages\/16239","targetHints":{"allow":["GET"]}}],"collection":[{"href":"https:\/\/pecs.com\/pl\/wp-json\/wp\/v2\/pages"}],"about":[{"href":"https:\/\/pecs.com\/pl\/wp-json\/wp\/v2\/types\/page"}],"author":[{"embeddable":true,"href":"https:\/\/pecs.com\/pl\/wp-json\/wp\/v2\/users\/9"}],"replies":[{"embeddable":true,"href":"https:\/\/pecs.com\/pl\/wp-json\/wp\/v2\/comments?post=16239"}],"version-history":[{"count":4,"href":"https:\/\/pecs.com\/pl\/wp-json\/wp\/v2\/pages\/16239\/revisions"}],"predecessor-version":[{"id":16256,"href":"https:\/\/pecs.com\/pl\/wp-json\/wp\/v2\/pages\/16239\/revisions\/16256"}],"wp:attachment":[{"href":"https:\/\/pecs.com\/pl\/wp-json\/wp\/v2\/media?parent=16239"}],"curies":[{"name":"wp","href":"https:\/\/api.w.org\/{rel}","templated":true}]}}