{"id":16489,"date":"2019-10-14T09:12:20","date_gmt":"2019-10-14T14:12:20","guid":{"rendered":"https:\/\/pecs.com\/?page_id=16489"},"modified":"2019-10-14T09:23:46","modified_gmt":"2019-10-14T14:23:46","slug":"opportunita-di-carriera","status":"publish","type":"page","link":"https:\/\/pecs.com\/it\/opportunita-di-carriera\/","title":{"rendered":"Opportunit\u00e0 di Carriera"},"content":{"rendered":"<p>[et_pb_section bb_built=&#8221;1&#8243; inner_width_tablet=&#8221;50px&#8221; inner_max_width_tablet=&#8221;50px&#8221; _builder_version=&#8221;3.22.4&#8243; z_index_tablet=&#8221;500&#8243;][et_pb_row _builder_version=&#8221;3.22.4&#8243; z_index_tablet=&#8221;500&#8243;][et_pb_column type=&#8221;4_4&#8243; custom_padding__hover=&#8221;|||&#8221; custom_padding=&#8221;|||&#8221;][et_pb_text admin_label=&#8221;Page Title&#8221; _builder_version=&#8221;3.29.3&#8243; text_text_shadow_horizontal_length=&#8221;text_text_shadow_style,%91object Object%93&#8243; text_text_shadow_vertical_length=&#8221;text_text_shadow_style,%91object Object%93&#8243; text_text_shadow_blur_strength=&#8221;text_text_shadow_style,%91object Object%93&#8243; link_text_shadow_horizontal_length=&#8221;link_text_shadow_style,%91object Object%93&#8243; link_text_shadow_vertical_length=&#8221;link_text_shadow_style,%91object Object%93&#8243; link_text_shadow_blur_strength=&#8221;link_text_shadow_style,%91object Object%93&#8243; ul_text_shadow_horizontal_length=&#8221;ul_text_shadow_style,%91object Object%93&#8243; ul_text_shadow_vertical_length=&#8221;ul_text_shadow_style,%91object Object%93&#8243; ul_text_shadow_blur_strength=&#8221;ul_text_shadow_style,%91object Object%93&#8243; ol_text_shadow_horizontal_length=&#8221;ol_text_shadow_style,%91object Object%93&#8243; ol_text_shadow_vertical_length=&#8221;ol_text_shadow_style,%91object Object%93&#8243; ol_text_shadow_blur_strength=&#8221;ol_text_shadow_style,%91object Object%93&#8243; quote_text_shadow_horizontal_length=&#8221;quote_text_shadow_style,%91object Object%93&#8243; quote_text_shadow_vertical_length=&#8221;quote_text_shadow_style,%91object Object%93&#8243; quote_text_shadow_blur_strength=&#8221;quote_text_shadow_style,%91object Object%93&#8243; header_text_shadow_horizontal_length=&#8221;header_text_shadow_style,%91object Object%93&#8243; header_text_shadow_vertical_length=&#8221;header_text_shadow_style,%91object Object%93&#8243; header_text_shadow_blur_strength=&#8221;header_text_shadow_style,%91object Object%93&#8243; header_2_text_shadow_horizontal_length=&#8221;header_2_text_shadow_style,%91object Object%93&#8243; header_2_text_shadow_vertical_length=&#8221;header_2_text_shadow_style,%91object Object%93&#8243; header_2_text_shadow_blur_strength=&#8221;header_2_text_shadow_style,%91object Object%93&#8243; header_3_text_shadow_horizontal_length=&#8221;header_3_text_shadow_style,%91object Object%93&#8243; header_3_text_shadow_vertical_length=&#8221;header_3_text_shadow_style,%91object Object%93&#8243; header_3_text_shadow_blur_strength=&#8221;header_3_text_shadow_style,%91object Object%93&#8243; header_4_text_shadow_horizontal_length=&#8221;header_4_text_shadow_style,%91object Object%93&#8243; header_4_text_shadow_vertical_length=&#8221;header_4_text_shadow_style,%91object Object%93&#8243; header_4_text_shadow_blur_strength=&#8221;header_4_text_shadow_style,%91object Object%93&#8243; header_5_text_shadow_horizontal_length=&#8221;header_5_text_shadow_style,%91object Object%93&#8243; header_5_text_shadow_vertical_length=&#8221;header_5_text_shadow_style,%91object Object%93&#8243; header_5_text_shadow_blur_strength=&#8221;header_5_text_shadow_style,%91object Object%93&#8243; header_6_text_shadow_horizontal_length=&#8221;header_6_text_shadow_style,%91object Object%93&#8243; header_6_text_shadow_vertical_length=&#8221;header_6_text_shadow_style,%91object Object%93&#8243; header_6_text_shadow_blur_strength=&#8221;header_6_text_shadow_style,%91object Object%93&#8243; z_index_tablet=&#8221;500&#8243; module_class=&#8221;career-list&#8221; header_line_height=&#8221;1.5em&#8221; box_shadow_horizontal_tablet=&#8221;0px&#8221; box_shadow_vertical_tablet=&#8221;0px&#8221; box_shadow_blur_tablet=&#8221;40px&#8221; box_shadow_spread_tablet=&#8221;0px&#8221;]<\/p>\n<h1>Opportunit\u00e0 di Carriera<\/h1>\n<p>[\/et_pb_text][et_pb_text admin_label=&#8221;Intro&#8221; _builder_version=&#8221;3.29.3&#8243; text_text_shadow_horizontal_length=&#8221;text_text_shadow_style,%91object Object%93&#8243; text_text_shadow_vertical_length=&#8221;text_text_shadow_style,%91object Object%93&#8243; text_text_shadow_blur_strength=&#8221;text_text_shadow_style,%91object Object%93&#8243; link_text_shadow_horizontal_length=&#8221;link_text_shadow_style,%91object Object%93&#8243; link_text_shadow_vertical_length=&#8221;link_text_shadow_style,%91object Object%93&#8243; link_text_shadow_blur_strength=&#8221;link_text_shadow_style,%91object Object%93&#8243; ul_text_shadow_horizontal_length=&#8221;ul_text_shadow_style,%91object Object%93&#8243; ul_text_shadow_vertical_length=&#8221;ul_text_shadow_style,%91object Object%93&#8243; ul_text_shadow_blur_strength=&#8221;ul_text_shadow_style,%91object Object%93&#8243; ol_text_shadow_horizontal_length=&#8221;ol_text_shadow_style,%91object Object%93&#8243; ol_text_shadow_vertical_length=&#8221;ol_text_shadow_style,%91object Object%93&#8243; ol_text_shadow_blur_strength=&#8221;ol_text_shadow_style,%91object Object%93&#8243; quote_text_shadow_horizontal_length=&#8221;quote_text_shadow_style,%91object Object%93&#8243; quote_text_shadow_vertical_length=&#8221;quote_text_shadow_style,%91object Object%93&#8243; quote_text_shadow_blur_strength=&#8221;quote_text_shadow_style,%91object Object%93&#8243; header_text_shadow_horizontal_length=&#8221;header_text_shadow_style,%91object Object%93&#8243; header_text_shadow_vertical_length=&#8221;header_text_shadow_style,%91object Object%93&#8243; header_text_shadow_blur_strength=&#8221;header_text_shadow_style,%91object Object%93&#8243; header_2_text_shadow_horizontal_length=&#8221;header_2_text_shadow_style,%91object Object%93&#8243; header_2_text_shadow_vertical_length=&#8221;header_2_text_shadow_style,%91object Object%93&#8243; header_2_text_shadow_blur_strength=&#8221;header_2_text_shadow_style,%91object Object%93&#8243; header_3_text_shadow_horizontal_length=&#8221;header_3_text_shadow_style,%91object Object%93&#8243; header_3_text_shadow_vertical_length=&#8221;header_3_text_shadow_style,%91object Object%93&#8243; header_3_text_shadow_blur_strength=&#8221;header_3_text_shadow_style,%91object Object%93&#8243; header_4_text_shadow_horizontal_length=&#8221;header_4_text_shadow_style,%91object Object%93&#8243; header_4_text_shadow_vertical_length=&#8221;header_4_text_shadow_style,%91object Object%93&#8243; header_4_text_shadow_blur_strength=&#8221;header_4_text_shadow_style,%91object Object%93&#8243; header_5_text_shadow_horizontal_length=&#8221;header_5_text_shadow_style,%91object Object%93&#8243; header_5_text_shadow_vertical_length=&#8221;header_5_text_shadow_style,%91object Object%93&#8243; header_5_text_shadow_blur_strength=&#8221;header_5_text_shadow_style,%91object Object%93&#8243; header_6_text_shadow_horizontal_length=&#8221;header_6_text_shadow_style,%91object Object%93&#8243; header_6_text_shadow_vertical_length=&#8221;header_6_text_shadow_style,%91object Object%93&#8243; header_6_text_shadow_blur_strength=&#8221;header_6_text_shadow_style,%91object Object%93&#8243; module_class=&#8221;check-list&#8221; z_index_tablet=&#8221;500&#8243; box_shadow_horizontal_tablet=&#8221;0px&#8221; box_shadow_vertical_tablet=&#8221;0px&#8221; box_shadow_blur_tablet=&#8221;40px&#8221; box_shadow_spread_tablet=&#8221;0px&#8221;]<\/p>\n<p><em>Pyramid Educational Consultants \u00e8 una societ\u00e0 di formazione e consulenza in crescita, il cui scopo \u00e8 migliorare la vita degli studenti con autism ed altri disturbi dello sviluppo. I nostri consulenti offrono una vasta gamma di servizi professionali di consulenza e formazione in ogni parte del mondo, stando attenti a:<\/em><\/p>\n<ul>\n<li>Personalizzare attentamente ogni servizio in base alle esigenze e situazioni specifiche di ogni individuo<\/li>\n<li>Incorporare continuamente I risultati delle ultimissime ricerche nei diversi programmi<\/li>\n<li>Offrire soluzioni che siano prima di tutto pratiche<\/li>\n<\/ul>\n<p><em>Concentrarsi sul costruire ambienti educativi efficaci in cui insegnare agli studenti come comunicare in modo efficace, come sviluppare maggiore indipendenza e come diventare pi\u00f9 produttivi a scuola, a casa, sul posto di lavoro e nella comunit\u00e0, utilizzando interventi funzionali, pratici e basati su solide evidenze scientifiche.<\/em><\/p>\n<p>[\/et_pb_text][et_pb_text admin_label=&#8221;Qualifications&#8221; _builder_version=&#8221;3.29.3&#8243; text_text_shadow_horizontal_length=&#8221;text_text_shadow_style,%91object Object%93&#8243; text_text_shadow_vertical_length=&#8221;text_text_shadow_style,%91object Object%93&#8243; text_text_shadow_blur_strength=&#8221;text_text_shadow_style,%91object Object%93&#8243; link_text_shadow_horizontal_length=&#8221;link_text_shadow_style,%91object Object%93&#8243; link_text_shadow_vertical_length=&#8221;link_text_shadow_style,%91object Object%93&#8243; link_text_shadow_blur_strength=&#8221;link_text_shadow_style,%91object Object%93&#8243; ul_text_shadow_horizontal_length=&#8221;ul_text_shadow_style,%91object Object%93&#8243; ul_text_shadow_vertical_length=&#8221;ul_text_shadow_style,%91object Object%93&#8243; ul_text_shadow_blur_strength=&#8221;ul_text_shadow_style,%91object Object%93&#8243; ol_text_shadow_horizontal_length=&#8221;ol_text_shadow_style,%91object Object%93&#8243; ol_text_shadow_vertical_length=&#8221;ol_text_shadow_style,%91object Object%93&#8243; ol_text_shadow_blur_strength=&#8221;ol_text_shadow_style,%91object Object%93&#8243; quote_text_shadow_horizontal_length=&#8221;quote_text_shadow_style,%91object Object%93&#8243; quote_text_shadow_vertical_length=&#8221;quote_text_shadow_style,%91object Object%93&#8243; quote_text_shadow_blur_strength=&#8221;quote_text_shadow_style,%91object Object%93&#8243; header_text_shadow_horizontal_length=&#8221;header_text_shadow_style,%91object Object%93&#8243; header_text_shadow_vertical_length=&#8221;header_text_shadow_style,%91object Object%93&#8243; header_text_shadow_blur_strength=&#8221;header_text_shadow_style,%91object Object%93&#8243; header_2_text_shadow_horizontal_length=&#8221;header_2_text_shadow_style,%91object Object%93&#8243; header_2_text_shadow_vertical_length=&#8221;header_2_text_shadow_style,%91object Object%93&#8243; header_2_text_shadow_blur_strength=&#8221;header_2_text_shadow_style,%91object Object%93&#8243; header_3_text_shadow_horizontal_length=&#8221;header_3_text_shadow_style,%91object Object%93&#8243; header_3_text_shadow_vertical_length=&#8221;header_3_text_shadow_style,%91object Object%93&#8243; header_3_text_shadow_blur_strength=&#8221;header_3_text_shadow_style,%91object Object%93&#8243; header_4_text_shadow_horizontal_length=&#8221;header_4_text_shadow_style,%91object Object%93&#8243; header_4_text_shadow_vertical_length=&#8221;header_4_text_shadow_style,%91object Object%93&#8243; header_4_text_shadow_blur_strength=&#8221;header_4_text_shadow_style,%91object Object%93&#8243; header_5_text_shadow_horizontal_length=&#8221;header_5_text_shadow_style,%91object Object%93&#8243; header_5_text_shadow_vertical_length=&#8221;header_5_text_shadow_style,%91object Object%93&#8243; header_5_text_shadow_blur_strength=&#8221;header_5_text_shadow_style,%91object Object%93&#8243; header_6_text_shadow_horizontal_length=&#8221;header_6_text_shadow_style,%91object Object%93&#8243; header_6_text_shadow_vertical_length=&#8221;header_6_text_shadow_style,%91object Object%93&#8243; header_6_text_shadow_blur_strength=&#8221;header_6_text_shadow_style,%91object Object%93&#8243; module_class=&#8221;check-list&#8221; z_index_tablet=&#8221;500&#8243; box_shadow_horizontal_tablet=&#8221;0px&#8221; box_shadow_vertical_tablet=&#8221;0px&#8221; box_shadow_blur_tablet=&#8221;40px&#8221; box_shadow_spread_tablet=&#8221;0px&#8221;]<\/p>\n<h2>Qualifiche:<\/h2>\n<ul>\n<li>Laurea Magistrale e successiva esperienza nel settore (per es. analisi del comportamento applicata, logopedia, psicologia)<\/li>\n<li>La partecipazione a un corso PECS di I livello tenuto da Pyramid Educational Consultants \u00e8 un requisito minimo. L\u2019attestato di frequenza a un corso PECS di I livello \u00e8 un requisito minimo anche per l\u2019iscrizione al Programma di Certificazione per Implementer PECS e tutti I consulenti sono tenuti a completarlo dopo l\u2019assunzione<\/li>\n<li>Esperienza diretta nell\u2019utilizzo di PECS con studenti diversi in uno o pi\u00f9 setting diversi ed esperienza diretta sul campo<\/li>\n<li>Ottime capacit\u00e0 comunicative e interpersonali, sia scritte che orali<\/li>\n<\/ul>\n<p>I candidati ideali dovranno essere disponibili a viaggiare frequentemente, sia su scala nazionale che internazionale, e sentirsi a loro agio a viaggiare da soli.<\/p>\n<p>Siamo fieri e orgogliosi della nostra cultura aziendale e lavoriamo duramente per assicurarci che tutti I nostri consulenti possano godere di un perfetto equilibrio tra vita e lavoro e di frequenti opportunit\u00e0 di crescita.<\/p>\n<p>Se sei alla ricerca di nuove opportunit\u00e0, ti stiamo aspettando! Inviaci il tuo curriculum all\u2019indirizzo <a href=\"mailto:careers@pecs.com\">careers@pecs.com<\/a>.<\/p>\n<p>&nbsp;<\/p>\n<p>[\/et_pb_text][\/et_pb_column][\/et_pb_row][\/et_pb_section]<\/p>\n","protected":false},"excerpt":{"rendered":"<p>Opportunit\u00e0 di Carriera Pyramid Educational Consultants \u00e8 una societ\u00e0 di formazione e consulenza in crescita, il cui scopo \u00e8 migliorare la vita degli studenti con autism ed altri disturbi dello sviluppo. I nostri consulenti offrono una vasta gamma di servizi professionali di consulenza e formazione in ogni parte del mondo, stando attenti a:Personalizzare attentamente ogni [&hellip;]<\/p>\n","protected":false},"author":9,"featured_media":0,"parent":0,"menu_order":0,"comment_status":"closed","ping_status":"closed","template":"","meta":{"_et_pb_use_builder":"on","_et_pb_old_content":"<!-- wp:paragraph -->\r\n<p>This is an example page. It's different from a blog post because it will stay in one place and will show up in your site navigation (in most themes). Most people start with an About page that introduces them to potential site visitors. It might say something like this:<\/p>\r\n<!-- \/wp:paragraph -->\r\n\r\n<!-- wp:quote -->\r\n<blockquote class=\"wp-block-quote\"><p>Hi there! I'm a bike messenger by day, aspiring actor by night, and this is my website. I live in Los Angeles, have a great dog named Jack, and I like pi\u00f1a coladas. (And gettin' caught in the rain.)<\/p><\/blockquote>\r\n<!-- \/wp:quote -->\r\n\r\n<!-- wp:paragraph -->\r\n<p>...or something like this:<\/p>\r\n<!-- \/wp:paragraph -->\r\n\r\n<!-- wp:quote -->\r\n<blockquote class=\"wp-block-quote\"><p>The XYZ Doohickey Company was founded in 1971, and has been providing quality doohickeys to the public ever since. Located in Gotham City, XYZ employs over 2,000 people and does all kinds of awesome things for the Gotham community.<\/p><\/blockquote>\r\n<!-- \/wp:quote -->\r\n\r\n<!-- wp:paragraph -->\r\n<p>As a new WordPress user, you should go to <a href=\"https:\/\/pecs.com\/wp-admin\/\">your dashboard<\/a> to delete this page and create new pages for your content. Have fun!<\/p>\r\n<!-- \/wp:paragraph -->","_et_gb_content_width":"","footnotes":""},"class_list":["post-16489","page","type-page","status-publish","hentry"],"yoast_head":"<!-- This site is optimized with the Yoast SEO plugin v27.4 - https:\/\/yoast.com\/product\/yoast-seo-wordpress\/ -->\n<title>Opportunit\u00e0 di Carriera - Pyramid Educational Consultants PECS.COM<\/title>\n<meta name=\"robots\" content=\"index, follow, max-snippet:-1, max-image-preview:large, max-video-preview:-1\" \/>\n<link rel=\"canonical\" href=\"https:\/\/pecs.com\/it\/opportunita-di-carriera\/\" \/>\n<meta property=\"og:locale\" content=\"it_IT\" \/>\n<meta property=\"og:type\" content=\"article\" \/>\n<meta property=\"og:title\" content=\"Opportunit\u00e0 di Carriera - Pyramid Educational Consultants PECS.COM\" \/>\n<meta property=\"og:description\" content=\"Opportunit\u00e0 di Carriera Pyramid Educational Consultants \u00e8 una societ\u00e0 di formazione e consulenza in crescita, il cui scopo \u00e8 migliorare la vita degli studenti con autism ed altri disturbi dello sviluppo. I nostri consulenti offrono una vasta gamma di servizi professionali di consulenza e formazione in ogni parte del mondo, stando attenti a:Personalizzare attentamente ogni [&hellip;]\" \/>\n<meta property=\"og:url\" content=\"https:\/\/pecs.com\/it\/opportunita-di-carriera\/\" \/>\n<meta property=\"og:site_name\" content=\"Pyramid Educational Consultants PECS.COM\" \/>\n<meta property=\"article:modified_time\" content=\"2019-10-14T14:23:46+00:00\" \/>\n<meta name=\"twitter:card\" content=\"summary_large_image\" \/>\n<meta name=\"twitter:label1\" content=\"Tempo di lettura stimato\" \/>\n\t<meta name=\"twitter:data1\" content=\"8 minuti\" \/>\n<script type=\"application\/ld+json\" class=\"yoast-schema-graph\">{\"@context\":\"https:\\\/\\\/schema.org\",\"@graph\":[{\"@type\":\"WebPage\",\"@id\":\"https:\\\/\\\/pecs.com\\\/it\\\/opportunita-di-carriera\\\/\",\"url\":\"https:\\\/\\\/pecs.com\\\/it\\\/opportunita-di-carriera\\\/\",\"name\":\"Opportunit\u00e0 di Carriera - Pyramid Educational Consultants PECS.COM\",\"isPartOf\":{\"@id\":\"https:\\\/\\\/pecs.com\\\/it\\\/#website\"},\"datePublished\":\"2019-10-14T14:12:20+00:00\",\"dateModified\":\"2019-10-14T14:23:46+00:00\",\"breadcrumb\":{\"@id\":\"https:\\\/\\\/pecs.com\\\/it\\\/opportunita-di-carriera\\\/#breadcrumb\"},\"inLanguage\":\"it-IT\",\"potentialAction\":[{\"@type\":\"ReadAction\",\"target\":[\"https:\\\/\\\/pecs.com\\\/it\\\/opportunita-di-carriera\\\/\"]}]},{\"@type\":\"BreadcrumbList\",\"@id\":\"https:\\\/\\\/pecs.com\\\/it\\\/opportunita-di-carriera\\\/#breadcrumb\",\"itemListElement\":[{\"@type\":\"ListItem\",\"position\":1,\"name\":\"Home\",\"item\":\"https:\\\/\\\/pecs.com\\\/it\\\/\"},{\"@type\":\"ListItem\",\"position\":2,\"name\":\"Opportunit\u00e0 di Carriera\"}]},{\"@type\":\"WebSite\",\"@id\":\"https:\\\/\\\/pecs.com\\\/it\\\/#website\",\"url\":\"https:\\\/\\\/pecs.com\\\/it\\\/\",\"name\":\"Pyramid Educational Consultants PECS.COM\",\"description\":\"Home of the Picture Exchange Communication System\",\"potentialAction\":[{\"@type\":\"SearchAction\",\"target\":{\"@type\":\"EntryPoint\",\"urlTemplate\":\"https:\\\/\\\/pecs.com\\\/it\\\/?s={search_term_string}\"},\"query-input\":{\"@type\":\"PropertyValueSpecification\",\"valueRequired\":true,\"valueName\":\"search_term_string\"}}],\"inLanguage\":\"it-IT\"}]}<\/script>\n<!-- \/ Yoast SEO plugin. -->","yoast_head_json":{"title":"Opportunit\u00e0 di Carriera - Pyramid Educational Consultants PECS.COM","robots":{"index":"index","follow":"follow","max-snippet":"max-snippet:-1","max-image-preview":"max-image-preview:large","max-video-preview":"max-video-preview:-1"},"canonical":"https:\/\/pecs.com\/it\/opportunita-di-carriera\/","og_locale":"it_IT","og_type":"article","og_title":"Opportunit\u00e0 di Carriera - Pyramid Educational Consultants PECS.COM","og_description":"Opportunit\u00e0 di Carriera Pyramid Educational Consultants \u00e8 una societ\u00e0 di formazione e consulenza in crescita, il cui scopo \u00e8 migliorare la vita degli studenti con autism ed altri disturbi dello sviluppo. I nostri consulenti offrono una vasta gamma di servizi professionali di consulenza e formazione in ogni parte del mondo, stando attenti a:Personalizzare attentamente ogni [&hellip;]","og_url":"https:\/\/pecs.com\/it\/opportunita-di-carriera\/","og_site_name":"Pyramid Educational Consultants PECS.COM","article_modified_time":"2019-10-14T14:23:46+00:00","twitter_card":"summary_large_image","twitter_misc":{"Tempo di lettura stimato":"8 minuti"},"schema":{"@context":"https:\/\/schema.org","@graph":[{"@type":"WebPage","@id":"https:\/\/pecs.com\/it\/opportunita-di-carriera\/","url":"https:\/\/pecs.com\/it\/opportunita-di-carriera\/","name":"Opportunit\u00e0 di Carriera - Pyramid Educational Consultants PECS.COM","isPartOf":{"@id":"https:\/\/pecs.com\/it\/#website"},"datePublished":"2019-10-14T14:12:20+00:00","dateModified":"2019-10-14T14:23:46+00:00","breadcrumb":{"@id":"https:\/\/pecs.com\/it\/opportunita-di-carriera\/#breadcrumb"},"inLanguage":"it-IT","potentialAction":[{"@type":"ReadAction","target":["https:\/\/pecs.com\/it\/opportunita-di-carriera\/"]}]},{"@type":"BreadcrumbList","@id":"https:\/\/pecs.com\/it\/opportunita-di-carriera\/#breadcrumb","itemListElement":[{"@type":"ListItem","position":1,"name":"Home","item":"https:\/\/pecs.com\/it\/"},{"@type":"ListItem","position":2,"name":"Opportunit\u00e0 di Carriera"}]},{"@type":"WebSite","@id":"https:\/\/pecs.com\/it\/#website","url":"https:\/\/pecs.com\/it\/","name":"Pyramid Educational Consultants PECS.COM","description":"Home of the Picture Exchange Communication System","potentialAction":[{"@type":"SearchAction","target":{"@type":"EntryPoint","urlTemplate":"https:\/\/pecs.com\/it\/?s={search_term_string}"},"query-input":{"@type":"PropertyValueSpecification","valueRequired":true,"valueName":"search_term_string"}}],"inLanguage":"it-IT"}]}},"_links":{"self":[{"href":"https:\/\/pecs.com\/it\/wp-json\/wp\/v2\/pages\/16489","targetHints":{"allow":["GET"]}}],"collection":[{"href":"https:\/\/pecs.com\/it\/wp-json\/wp\/v2\/pages"}],"about":[{"href":"https:\/\/pecs.com\/it\/wp-json\/wp\/v2\/types\/page"}],"author":[{"embeddable":true,"href":"https:\/\/pecs.com\/it\/wp-json\/wp\/v2\/users\/9"}],"replies":[{"embeddable":true,"href":"https:\/\/pecs.com\/it\/wp-json\/wp\/v2\/comments?post=16489"}],"version-history":[{"count":4,"href":"https:\/\/pecs.com\/it\/wp-json\/wp\/v2\/pages\/16489\/revisions"}],"predecessor-version":[{"id":16514,"href":"https:\/\/pecs.com\/it\/wp-json\/wp\/v2\/pages\/16489\/revisions\/16514"}],"wp:attachment":[{"href":"https:\/\/pecs.com\/it\/wp-json\/wp\/v2\/media?parent=16489"}],"curies":[{"name":"wp","href":"https:\/\/api.w.org\/{rel}","templated":true}]}}