{"id":16423,"date":"2019-10-10T09:50:10","date_gmt":"2019-10-10T14:50:10","guid":{"rendered":"https:\/\/pecs.com\/?page_id=16423"},"modified":"2019-10-10T10:43:48","modified_gmt":"2019-10-10T15:43:48","slug":"berufschancen","status":"publish","type":"page","link":"https:\/\/pecs.com\/de\/berufschancen\/","title":{"rendered":"Berufschancen"},"content":{"rendered":"<p>[et_pb_section bb_built=&#8220;1&#8243; inner_width_tablet=&#8220;50px&#8220; inner_max_width_tablet=&#8220;50px&#8220; _builder_version=&#8220;3.22.4&#8243; z_index_tablet=&#8220;500&#8243;][et_pb_row _builder_version=&#8220;3.22.4&#8243; z_index_tablet=&#8220;500&#8243;][et_pb_column type=&#8220;4_4&#8243; custom_padding__hover=&#8220;|||&#8220; custom_padding=&#8220;|||&#8220;][et_pb_text admin_label=&#8220;Page Title&#8220; _builder_version=&#8220;3.29.3&#8243; text_text_shadow_horizontal_length=&#8220;text_text_shadow_style,%91object Object%93&#8243; text_text_shadow_vertical_length=&#8220;text_text_shadow_style,%91object Object%93&#8243; text_text_shadow_blur_strength=&#8220;text_text_shadow_style,%91object Object%93&#8243; link_text_shadow_horizontal_length=&#8220;link_text_shadow_style,%91object Object%93&#8243; link_text_shadow_vertical_length=&#8220;link_text_shadow_style,%91object Object%93&#8243; link_text_shadow_blur_strength=&#8220;link_text_shadow_style,%91object Object%93&#8243; ul_text_shadow_horizontal_length=&#8220;ul_text_shadow_style,%91object Object%93&#8243; ul_text_shadow_vertical_length=&#8220;ul_text_shadow_style,%91object Object%93&#8243; ul_text_shadow_blur_strength=&#8220;ul_text_shadow_style,%91object Object%93&#8243; ol_text_shadow_horizontal_length=&#8220;ol_text_shadow_style,%91object Object%93&#8243; ol_text_shadow_vertical_length=&#8220;ol_text_shadow_style,%91object Object%93&#8243; ol_text_shadow_blur_strength=&#8220;ol_text_shadow_style,%91object Object%93&#8243; quote_text_shadow_horizontal_length=&#8220;quote_text_shadow_style,%91object Object%93&#8243; quote_text_shadow_vertical_length=&#8220;quote_text_shadow_style,%91object Object%93&#8243; quote_text_shadow_blur_strength=&#8220;quote_text_shadow_style,%91object Object%93&#8243; header_text_shadow_horizontal_length=&#8220;header_text_shadow_style,%91object Object%93&#8243; header_text_shadow_vertical_length=&#8220;header_text_shadow_style,%91object Object%93&#8243; header_text_shadow_blur_strength=&#8220;header_text_shadow_style,%91object Object%93&#8243; header_2_text_shadow_horizontal_length=&#8220;header_2_text_shadow_style,%91object Object%93&#8243; header_2_text_shadow_vertical_length=&#8220;header_2_text_shadow_style,%91object Object%93&#8243; header_2_text_shadow_blur_strength=&#8220;header_2_text_shadow_style,%91object Object%93&#8243; header_3_text_shadow_horizontal_length=&#8220;header_3_text_shadow_style,%91object Object%93&#8243; header_3_text_shadow_vertical_length=&#8220;header_3_text_shadow_style,%91object Object%93&#8243; header_3_text_shadow_blur_strength=&#8220;header_3_text_shadow_style,%91object Object%93&#8243; header_4_text_shadow_horizontal_length=&#8220;header_4_text_shadow_style,%91object Object%93&#8243; header_4_text_shadow_vertical_length=&#8220;header_4_text_shadow_style,%91object Object%93&#8243; header_4_text_shadow_blur_strength=&#8220;header_4_text_shadow_style,%91object Object%93&#8243; header_5_text_shadow_horizontal_length=&#8220;header_5_text_shadow_style,%91object Object%93&#8243; header_5_text_shadow_vertical_length=&#8220;header_5_text_shadow_style,%91object Object%93&#8243; header_5_text_shadow_blur_strength=&#8220;header_5_text_shadow_style,%91object Object%93&#8243; header_6_text_shadow_horizontal_length=&#8220;header_6_text_shadow_style,%91object Object%93&#8243; header_6_text_shadow_vertical_length=&#8220;header_6_text_shadow_style,%91object Object%93&#8243; header_6_text_shadow_blur_strength=&#8220;header_6_text_shadow_style,%91object Object%93&#8243; z_index_tablet=&#8220;500&#8243; module_class=&#8220;career-list&#8220; header_line_height=&#8220;1.5em&#8220; box_shadow_horizontal_tablet=&#8220;0px&#8220; box_shadow_vertical_tablet=&#8220;0px&#8220; box_shadow_blur_tablet=&#8220;40px&#8220; box_shadow_spread_tablet=&#8220;0px&#8220;]<\/p>\n<h1>Berufschancen<\/h1>\n<p>[\/et_pb_text][et_pb_text admin_label=&#8220;Intro&#8220; _builder_version=&#8220;3.29.3&#8243; text_text_shadow_horizontal_length=&#8220;text_text_shadow_style,%91object Object%93&#8243; text_text_shadow_vertical_length=&#8220;text_text_shadow_style,%91object Object%93&#8243; text_text_shadow_blur_strength=&#8220;text_text_shadow_style,%91object Object%93&#8243; link_text_shadow_horizontal_length=&#8220;link_text_shadow_style,%91object Object%93&#8243; link_text_shadow_vertical_length=&#8220;link_text_shadow_style,%91object Object%93&#8243; link_text_shadow_blur_strength=&#8220;link_text_shadow_style,%91object Object%93&#8243; ul_text_shadow_horizontal_length=&#8220;ul_text_shadow_style,%91object Object%93&#8243; ul_text_shadow_vertical_length=&#8220;ul_text_shadow_style,%91object Object%93&#8243; ul_text_shadow_blur_strength=&#8220;ul_text_shadow_style,%91object Object%93&#8243; ol_text_shadow_horizontal_length=&#8220;ol_text_shadow_style,%91object Object%93&#8243; ol_text_shadow_vertical_length=&#8220;ol_text_shadow_style,%91object Object%93&#8243; ol_text_shadow_blur_strength=&#8220;ol_text_shadow_style,%91object Object%93&#8243; quote_text_shadow_horizontal_length=&#8220;quote_text_shadow_style,%91object Object%93&#8243; quote_text_shadow_vertical_length=&#8220;quote_text_shadow_style,%91object Object%93&#8243; quote_text_shadow_blur_strength=&#8220;quote_text_shadow_style,%91object Object%93&#8243; header_text_shadow_horizontal_length=&#8220;header_text_shadow_style,%91object Object%93&#8243; header_text_shadow_vertical_length=&#8220;header_text_shadow_style,%91object Object%93&#8243; header_text_shadow_blur_strength=&#8220;header_text_shadow_style,%91object Object%93&#8243; header_2_text_shadow_horizontal_length=&#8220;header_2_text_shadow_style,%91object Object%93&#8243; header_2_text_shadow_vertical_length=&#8220;header_2_text_shadow_style,%91object Object%93&#8243; header_2_text_shadow_blur_strength=&#8220;header_2_text_shadow_style,%91object Object%93&#8243; header_3_text_shadow_horizontal_length=&#8220;header_3_text_shadow_style,%91object Object%93&#8243; header_3_text_shadow_vertical_length=&#8220;header_3_text_shadow_style,%91object Object%93&#8243; header_3_text_shadow_blur_strength=&#8220;header_3_text_shadow_style,%91object Object%93&#8243; header_4_text_shadow_horizontal_length=&#8220;header_4_text_shadow_style,%91object Object%93&#8243; header_4_text_shadow_vertical_length=&#8220;header_4_text_shadow_style,%91object Object%93&#8243; header_4_text_shadow_blur_strength=&#8220;header_4_text_shadow_style,%91object Object%93&#8243; header_5_text_shadow_horizontal_length=&#8220;header_5_text_shadow_style,%91object Object%93&#8243; header_5_text_shadow_vertical_length=&#8220;header_5_text_shadow_style,%91object Object%93&#8243; header_5_text_shadow_blur_strength=&#8220;header_5_text_shadow_style,%91object Object%93&#8243; header_6_text_shadow_horizontal_length=&#8220;header_6_text_shadow_style,%91object Object%93&#8243; header_6_text_shadow_vertical_length=&#8220;header_6_text_shadow_style,%91object Object%93&#8243; header_6_text_shadow_blur_strength=&#8220;header_6_text_shadow_style,%91object Object%93&#8243; module_class=&#8220;check-list&#8220; z_index_tablet=&#8220;500&#8243; box_shadow_horizontal_tablet=&#8220;0px&#8220; box_shadow_vertical_tablet=&#8220;0px&#8220; box_shadow_blur_tablet=&#8220;40px&#8220; box_shadow_spread_tablet=&#8220;0px&#8220;]<\/p>\n<p><em>Pyramid Educational Consultants ist ein wachsendes Fortbildungs- und Beratungsunternehmen, das sich zum Ziel gesetzt hat, das Leben von Sch\u00fclern mit Autismus und damit verbundenen Entwicklungsst\u00f6rungen zu bereichern. Unsere Berater bieten eine Reihe von professionellen Pr\u00e4sentationen und Beratungsdiensten weltweit an, bei denen wir:<\/em><\/p>\n<ul>\n<li>Unsere Dienstleistungen sorgf\u00e4ltig an jeden Einzelnen und jede Situation anpassen<\/li>\n<li>Immer die neuesten Forschungsergebnisse in unsere Programme einbinden<\/li>\n<li>Praktische L\u00f6sungen anbieten<\/li>\n<\/ul>\n<p><em>Wir konzentrieren uns auf die Gestaltung effektiver Lernumgebungen unter Verwendung funktionaler, praktischer und evidenzbasierter Interventionen, um Einzelpersonen beizubringen, wie sie effektiv kommunizieren, unabh\u00e4ngig arbeiten und in ihrer Schule, ihrem Zuhause, ihrem Arbeitsplatz und ihrer Gemeinde produktiv sein k\u00f6nnen.<\/em><\/p>\n<p>[\/et_pb_text][et_pb_text admin_label=&#8220;Qualifications&#8220; _builder_version=&#8220;3.29.3&#8243; text_text_shadow_horizontal_length=&#8220;text_text_shadow_style,%91object Object%93&#8243; text_text_shadow_vertical_length=&#8220;text_text_shadow_style,%91object Object%93&#8243; text_text_shadow_blur_strength=&#8220;text_text_shadow_style,%91object Object%93&#8243; link_text_shadow_horizontal_length=&#8220;link_text_shadow_style,%91object Object%93&#8243; link_text_shadow_vertical_length=&#8220;link_text_shadow_style,%91object Object%93&#8243; link_text_shadow_blur_strength=&#8220;link_text_shadow_style,%91object Object%93&#8243; ul_text_shadow_horizontal_length=&#8220;ul_text_shadow_style,%91object Object%93&#8243; ul_text_shadow_vertical_length=&#8220;ul_text_shadow_style,%91object Object%93&#8243; ul_text_shadow_blur_strength=&#8220;ul_text_shadow_style,%91object Object%93&#8243; ol_text_shadow_horizontal_length=&#8220;ol_text_shadow_style,%91object Object%93&#8243; ol_text_shadow_vertical_length=&#8220;ol_text_shadow_style,%91object Object%93&#8243; ol_text_shadow_blur_strength=&#8220;ol_text_shadow_style,%91object Object%93&#8243; quote_text_shadow_horizontal_length=&#8220;quote_text_shadow_style,%91object Object%93&#8243; quote_text_shadow_vertical_length=&#8220;quote_text_shadow_style,%91object Object%93&#8243; quote_text_shadow_blur_strength=&#8220;quote_text_shadow_style,%91object Object%93&#8243; header_text_shadow_horizontal_length=&#8220;header_text_shadow_style,%91object Object%93&#8243; header_text_shadow_vertical_length=&#8220;header_text_shadow_style,%91object Object%93&#8243; header_text_shadow_blur_strength=&#8220;header_text_shadow_style,%91object Object%93&#8243; header_2_text_shadow_horizontal_length=&#8220;header_2_text_shadow_style,%91object Object%93&#8243; header_2_text_shadow_vertical_length=&#8220;header_2_text_shadow_style,%91object Object%93&#8243; header_2_text_shadow_blur_strength=&#8220;header_2_text_shadow_style,%91object Object%93&#8243; header_3_text_shadow_horizontal_length=&#8220;header_3_text_shadow_style,%91object Object%93&#8243; header_3_text_shadow_vertical_length=&#8220;header_3_text_shadow_style,%91object Object%93&#8243; header_3_text_shadow_blur_strength=&#8220;header_3_text_shadow_style,%91object Object%93&#8243; header_4_text_shadow_horizontal_length=&#8220;header_4_text_shadow_style,%91object Object%93&#8243; header_4_text_shadow_vertical_length=&#8220;header_4_text_shadow_style,%91object Object%93&#8243; header_4_text_shadow_blur_strength=&#8220;header_4_text_shadow_style,%91object Object%93&#8243; header_5_text_shadow_horizontal_length=&#8220;header_5_text_shadow_style,%91object Object%93&#8243; header_5_text_shadow_vertical_length=&#8220;header_5_text_shadow_style,%91object Object%93&#8243; header_5_text_shadow_blur_strength=&#8220;header_5_text_shadow_style,%91object Object%93&#8243; header_6_text_shadow_horizontal_length=&#8220;header_6_text_shadow_style,%91object Object%93&#8243; header_6_text_shadow_vertical_length=&#8220;header_6_text_shadow_style,%91object Object%93&#8243; header_6_text_shadow_blur_strength=&#8220;header_6_text_shadow_style,%91object Object%93&#8243; module_class=&#8220;check-list&#8220; z_index_tablet=&#8220;500&#8243; box_shadow_horizontal_tablet=&#8220;0px&#8220; box_shadow_vertical_tablet=&#8220;0px&#8220; box_shadow_blur_tablet=&#8220;40px&#8220; box_shadow_spread_tablet=&#8220;0px&#8220;]<\/p>\n<h2>Qualifikationen:<\/h2>\n<ul>\n<li>Master-Abschluss und anschlie\u00dfende Erfahrung in relevanten Bereichen (z. B. angewandte Verhaltensanalyse, Sonderp\u00e4dagogik, Sprach- und Sprachtherapie, Psychologie)<\/li>\n<li>Die Teilnahme an PECS Level 1-Schulungen, die von Pyramid Educational Consultants durchgef\u00fchrt werden, ist eine Mindestanforderung. PECS Level 1 Training ist auch eine Voraussetzung f\u00fcr den Start des PECS-Zertifizierungsprozesses, den alle Berater nach der Einstellung absolvieren m\u00fcssen<\/li>\n<li>Direkte Erfahrung in der Implementierung von PECS mit einer Reihe von Sch\u00fclern in einer oder mehreren Umgebungen sowie praktische Erfahrung in diesem Bereich<\/li>\n<li>Ausgezeichnete zwischenmenschliche und kommunikative F\u00e4higkeiten, sowohl schriftlich als auch m\u00fcndlich<\/li>\n<\/ul>\n<p>Erfolgreiche Kandidaten haben Flexibilit\u00e4t von h\u00e4ufigem Reisen, sowohl im Inland als auch im Ausland, und m\u00fcssen bequem alleine reisen k\u00f6nnen.<\/p>\n<p>Wir sind stolz auf unsere Unternehmenskultur und arbeiten hart daran, dass alle unsere Berater eine gute Vereinbarkeit von Beruf und Privatleben finden, st\u00e4ndig beruflich herausgefordert werden und neue Wachstumschancen erhalten.<\/p>\n<p>Wenn Sie nach einer neuen Erfahrung suchen, w\u00fcrden wir uns freuen, von Ihnen zu h\u00f6ren! Bitte senden Sie Ihren Lebenslauf an <a href=\"mailto:careers@pecs.com\">careers@pecs.com<\/a>.<\/p>\n<p>\u00a0<\/p>\n<p>[\/et_pb_text][\/et_pb_column][\/et_pb_row][\/et_pb_section]<\/p>\n","protected":false},"excerpt":{"rendered":"<p>Berufschancen Pyramid Educational Consultants ist ein wachsendes Fortbildungs- und Beratungsunternehmen, das sich zum Ziel gesetzt hat, das Leben von Sch\u00fclern mit Autismus und damit verbundenen Entwicklungsst\u00f6rungen zu bereichern. Unsere Berater bieten eine Reihe von professionellen Pr\u00e4sentationen und Beratungsdiensten weltweit an, bei denen wir:Unsere Dienstleistungen sorgf\u00e4ltig an jeden Einzelnen und jede Situation anpassenImmer die neuesten Forschungsergebnisse [&hellip;]<\/p>\n","protected":false},"author":9,"featured_media":0,"parent":0,"menu_order":0,"comment_status":"closed","ping_status":"closed","template":"","meta":{"_et_pb_use_builder":"on","_et_pb_old_content":"<!-- wp:paragraph -->\r\n<p>This is an example page. It's different from a blog post because it will stay in one place and will show up in your site navigation (in most themes). Most people start with an About page that introduces them to potential site visitors. It might say something like this:<\/p>\r\n<!-- \/wp:paragraph -->\r\n\r\n<!-- wp:quote -->\r\n<blockquote class=\"wp-block-quote\"><p>Hi there! I'm a bike messenger by day, aspiring actor by night, and this is my website. I live in Los Angeles, have a great dog named Jack, and I like pi\u00f1a coladas. (And gettin' caught in the rain.)<\/p><\/blockquote>\r\n<!-- \/wp:quote -->\r\n\r\n<!-- wp:paragraph -->\r\n<p>...or something like this:<\/p>\r\n<!-- \/wp:paragraph -->\r\n\r\n<!-- wp:quote -->\r\n<blockquote class=\"wp-block-quote\"><p>The XYZ Doohickey Company was founded in 1971, and has been providing quality doohickeys to the public ever since. Located in Gotham City, XYZ employs over 2,000 people and does all kinds of awesome things for the Gotham community.<\/p><\/blockquote>\r\n<!-- \/wp:quote -->\r\n\r\n<!-- wp:paragraph -->\r\n<p>As a new WordPress user, you should go to <a href=\"https:\/\/pecs.com\/wp-admin\/\">your dashboard<\/a> to delete this page and create new pages for your content. Have fun!<\/p>\r\n<!-- \/wp:paragraph -->","_et_gb_content_width":"","footnotes":""},"class_list":["post-16423","page","type-page","status-publish","hentry"],"yoast_head":"<!-- This site is optimized with the Yoast SEO plugin v27.4 - https:\/\/yoast.com\/product\/yoast-seo-wordpress\/ -->\n<title>Berufschancen - Pyramid Educational Consultants PECS.COM<\/title>\n<meta name=\"robots\" content=\"index, follow, max-snippet:-1, max-image-preview:large, max-video-preview:-1\" \/>\n<link rel=\"canonical\" href=\"https:\/\/pecs.com\/de\/berufschancen\/\" \/>\n<meta property=\"og:locale\" content=\"de_DE\" \/>\n<meta property=\"og:type\" content=\"article\" \/>\n<meta property=\"og:title\" content=\"Berufschancen - Pyramid Educational Consultants PECS.COM\" \/>\n<meta property=\"og:description\" content=\"Berufschancen Pyramid Educational Consultants ist ein wachsendes Fortbildungs- und Beratungsunternehmen, das sich zum Ziel gesetzt hat, das Leben von Sch\u00fclern mit Autismus und damit verbundenen Entwicklungsst\u00f6rungen zu bereichern. Unsere Berater bieten eine Reihe von professionellen Pr\u00e4sentationen und Beratungsdiensten weltweit an, bei denen wir:Unsere Dienstleistungen sorgf\u00e4ltig an jeden Einzelnen und jede Situation anpassenImmer die neuesten Forschungsergebnisse [&hellip;]\" \/>\n<meta property=\"og:url\" content=\"https:\/\/pecs.com\/de\/berufschancen\/\" \/>\n<meta property=\"og:site_name\" content=\"Pyramid Educational Consultants PECS.COM\" \/>\n<meta property=\"article:modified_time\" content=\"2019-10-10T15:43:48+00:00\" \/>\n<meta name=\"twitter:card\" content=\"summary_large_image\" \/>\n<meta name=\"twitter:label1\" content=\"Gesch\u00e4tzte Lesezeit\" \/>\n\t<meta name=\"twitter:data1\" content=\"8\u00a0Minuten\" \/>\n<script type=\"application\/ld+json\" class=\"yoast-schema-graph\">{\"@context\":\"https:\\\/\\\/schema.org\",\"@graph\":[{\"@type\":\"WebPage\",\"@id\":\"https:\\\/\\\/pecs.com\\\/de\\\/berufschancen\\\/\",\"url\":\"https:\\\/\\\/pecs.com\\\/de\\\/berufschancen\\\/\",\"name\":\"Berufschancen - Pyramid Educational Consultants PECS.COM\",\"isPartOf\":{\"@id\":\"https:\\\/\\\/pecs.com\\\/de\\\/#website\"},\"datePublished\":\"2019-10-10T14:50:10+00:00\",\"dateModified\":\"2019-10-10T15:43:48+00:00\",\"breadcrumb\":{\"@id\":\"https:\\\/\\\/pecs.com\\\/de\\\/berufschancen\\\/#breadcrumb\"},\"inLanguage\":\"de\",\"potentialAction\":[{\"@type\":\"ReadAction\",\"target\":[\"https:\\\/\\\/pecs.com\\\/de\\\/berufschancen\\\/\"]}]},{\"@type\":\"BreadcrumbList\",\"@id\":\"https:\\\/\\\/pecs.com\\\/de\\\/berufschancen\\\/#breadcrumb\",\"itemListElement\":[{\"@type\":\"ListItem\",\"position\":1,\"name\":\"Home\",\"item\":\"https:\\\/\\\/pecs.com\\\/de\\\/\"},{\"@type\":\"ListItem\",\"position\":2,\"name\":\"Berufschancen\"}]},{\"@type\":\"WebSite\",\"@id\":\"https:\\\/\\\/pecs.com\\\/de\\\/#website\",\"url\":\"https:\\\/\\\/pecs.com\\\/de\\\/\",\"name\":\"Pyramid Educational Consultants PECS.COM\",\"description\":\"Home of the Picture Exchange Communication System\",\"potentialAction\":[{\"@type\":\"SearchAction\",\"target\":{\"@type\":\"EntryPoint\",\"urlTemplate\":\"https:\\\/\\\/pecs.com\\\/de\\\/?s={search_term_string}\"},\"query-input\":{\"@type\":\"PropertyValueSpecification\",\"valueRequired\":true,\"valueName\":\"search_term_string\"}}],\"inLanguage\":\"de\"}]}<\/script>\n<!-- \/ Yoast SEO plugin. -->","yoast_head_json":{"title":"Berufschancen - Pyramid Educational Consultants PECS.COM","robots":{"index":"index","follow":"follow","max-snippet":"max-snippet:-1","max-image-preview":"max-image-preview:large","max-video-preview":"max-video-preview:-1"},"canonical":"https:\/\/pecs.com\/de\/berufschancen\/","og_locale":"de_DE","og_type":"article","og_title":"Berufschancen - Pyramid Educational Consultants PECS.COM","og_description":"Berufschancen Pyramid Educational Consultants ist ein wachsendes Fortbildungs- und Beratungsunternehmen, das sich zum Ziel gesetzt hat, das Leben von Sch\u00fclern mit Autismus und damit verbundenen Entwicklungsst\u00f6rungen zu bereichern. Unsere Berater bieten eine Reihe von professionellen Pr\u00e4sentationen und Beratungsdiensten weltweit an, bei denen wir:Unsere Dienstleistungen sorgf\u00e4ltig an jeden Einzelnen und jede Situation anpassenImmer die neuesten Forschungsergebnisse [&hellip;]","og_url":"https:\/\/pecs.com\/de\/berufschancen\/","og_site_name":"Pyramid Educational Consultants PECS.COM","article_modified_time":"2019-10-10T15:43:48+00:00","twitter_card":"summary_large_image","twitter_misc":{"Gesch\u00e4tzte Lesezeit":"8\u00a0Minuten"},"schema":{"@context":"https:\/\/schema.org","@graph":[{"@type":"WebPage","@id":"https:\/\/pecs.com\/de\/berufschancen\/","url":"https:\/\/pecs.com\/de\/berufschancen\/","name":"Berufschancen - Pyramid Educational Consultants PECS.COM","isPartOf":{"@id":"https:\/\/pecs.com\/de\/#website"},"datePublished":"2019-10-10T14:50:10+00:00","dateModified":"2019-10-10T15:43:48+00:00","breadcrumb":{"@id":"https:\/\/pecs.com\/de\/berufschancen\/#breadcrumb"},"inLanguage":"de","potentialAction":[{"@type":"ReadAction","target":["https:\/\/pecs.com\/de\/berufschancen\/"]}]},{"@type":"BreadcrumbList","@id":"https:\/\/pecs.com\/de\/berufschancen\/#breadcrumb","itemListElement":[{"@type":"ListItem","position":1,"name":"Home","item":"https:\/\/pecs.com\/de\/"},{"@type":"ListItem","position":2,"name":"Berufschancen"}]},{"@type":"WebSite","@id":"https:\/\/pecs.com\/de\/#website","url":"https:\/\/pecs.com\/de\/","name":"Pyramid Educational Consultants PECS.COM","description":"Home of the Picture Exchange Communication System","potentialAction":[{"@type":"SearchAction","target":{"@type":"EntryPoint","urlTemplate":"https:\/\/pecs.com\/de\/?s={search_term_string}"},"query-input":{"@type":"PropertyValueSpecification","valueRequired":true,"valueName":"search_term_string"}}],"inLanguage":"de"}]}},"_links":{"self":[{"href":"https:\/\/pecs.com\/de\/wp-json\/wp\/v2\/pages\/16423","targetHints":{"allow":["GET"]}}],"collection":[{"href":"https:\/\/pecs.com\/de\/wp-json\/wp\/v2\/pages"}],"about":[{"href":"https:\/\/pecs.com\/de\/wp-json\/wp\/v2\/types\/page"}],"author":[{"embeddable":true,"href":"https:\/\/pecs.com\/de\/wp-json\/wp\/v2\/users\/9"}],"replies":[{"embeddable":true,"href":"https:\/\/pecs.com\/de\/wp-json\/wp\/v2\/comments?post=16423"}],"version-history":[{"count":3,"href":"https:\/\/pecs.com\/de\/wp-json\/wp\/v2\/pages\/16423\/revisions"}],"predecessor-version":[{"id":16452,"href":"https:\/\/pecs.com\/de\/wp-json\/wp\/v2\/pages\/16423\/revisions\/16452"}],"wp:attachment":[{"href":"https:\/\/pecs.com\/de\/wp-json\/wp\/v2\/media?parent=16423"}],"curies":[{"name":"wp","href":"https:\/\/api.w.org\/{rel}","templated":true}]}}